{"id":2038,"date":"2022-03-22T08:58:36","date_gmt":"2022-03-22T08:58:36","guid":{"rendered":"http:\/\/www.osir.dobremiasto.com.pl\/?page_id=2038"},"modified":"2025-03-10T09:34:59","modified_gmt":"2025-03-10T09:34:59","slug":"obiekty-osir","status":"publish","type":"page","link":"https:\/\/www.osir.dobremiasto.com.pl\/index.php\/obiekty-osir\/","title":{"rendered":"Obiekty OSIR"},"content":{"rendered":"\t\t<div data-elementor-type=\"wp-page\" data-elementor-id=\"2038\" class=\"elementor elementor-2038\" data-elementor-settings=\"[]\">\n\t\t\t\t\t\t\t<div class=\"elementor-section-wrap\">\n\t\t\t\t\t\t\t<section class=\"elementor-section elementor-top-section elementor-element elementor-element-305bcad elementor-section-boxed elementor-section-height-default elementor-section-height-default\" data-id=\"305bcad\" data-element_type=\"section\">\n\t\t\t\t\t\t<div class=\"elementor-container elementor-column-gap-default\">\n\t\t\t\t\t<div class=\"elementor-column elementor-col-50 elementor-top-column elementor-element elementor-element-1af34cd\" data-id=\"1af34cd\" data-element_type=\"column\">\n\t\t\t<div class=\"elementor-widget-wrap elementor-element-populated\">\n\t\t\t\t\t\t\t\t<div class=\"elementor-element elementor-element-ce306ab elementor-widget elementor-widget-heading\" data-id=\"ce306ab\" data-element_type=\"widget\" data-widget_type=\"heading.default\">\n\t\t\t\t<div class=\"elementor-widget-container\">\n\t\t\t<style>\/*! elementor - v3.5.6 - 28-02-2022 *\/\n.elementor-heading-title{padding:0;margin:0;line-height:1}.elementor-widget-heading .elementor-heading-title[class*=elementor-size-]>a{color:inherit;font-size:inherit;line-height:inherit}.elementor-widget-heading .elementor-heading-title.elementor-size-small{font-size:15px}.elementor-widget-heading .elementor-heading-title.elementor-size-medium{font-size:19px}.elementor-widget-heading .elementor-heading-title.elementor-size-large{font-size:29px}.elementor-widget-heading .elementor-heading-title.elementor-size-xl{font-size:39px}.elementor-widget-heading .elementor-heading-title.elementor-size-xxl{font-size:59px}<\/style><h2 class=\"elementor-heading-title elementor-size-default\"><p><strong>Wykaz obiekt\u00f3w i teren\u00f3w komunalnych stanowi\u0105cych baz\u0119 <\/strong><br><strong>sportowo-rekreacyjn\u0105&nbsp;&nbsp;<\/strong><strong>O\u015brodka Sportu i Rekreacji w Dobrym Mie\u015bcie<\/strong><\/p><\/h2>\t\t<\/div>\n\t\t\t\t<\/div>\n\t\t\t\t<section class=\"elementor-section elementor-inner-section elementor-element elementor-element-948757d elementor-section-boxed elementor-section-height-default elementor-section-height-default\" data-id=\"948757d\" data-element_type=\"section\">\n\t\t\t\t\t\t<div class=\"elementor-container elementor-column-gap-default\">\n\t\t\t\t\t<div class=\"elementor-column elementor-col-50 elementor-inner-column elementor-element elementor-element-5527a2d\" data-id=\"5527a2d\" data-element_type=\"column\">\n\t\t\t<div class=\"elementor-widget-wrap elementor-element-populated\">\n\t\t\t\t\t\t\t\t<div class=\"elementor-element elementor-element-c172c87 elementor-widget elementor-widget-text-editor\" data-id=\"c172c87\" data-element_type=\"widget\" data-widget_type=\"text-editor.default\">\n\t\t\t\t<div class=\"elementor-widget-container\">\n\t\t\t<style>\/*! elementor - v3.5.6 - 28-02-2022 *\/\n.elementor-widget-text-editor.elementor-drop-cap-view-stacked .elementor-drop-cap{background-color:#818a91;color:#fff}.elementor-widget-text-editor.elementor-drop-cap-view-framed .elementor-drop-cap{color:#818a91;border:3px solid;background-color:transparent}.elementor-widget-text-editor:not(.elementor-drop-cap-view-default) .elementor-drop-cap{margin-top:8px}.elementor-widget-text-editor:not(.elementor-drop-cap-view-default) .elementor-drop-cap-letter{width:1em;height:1em}.elementor-widget-text-editor .elementor-drop-cap{float:left;text-align:center;line-height:1;font-size:50px}.elementor-widget-text-editor .elementor-drop-cap-letter{display:inline-block}<\/style>\t\t\t\t<ol><li><strong>Kryta p\u0142ywalnia<\/strong> przy ul. Garnizonowej 18 w Dobrym Mie\u015bcie, na dzia\u0142kach ewidencyjnych <br \/>nr 14\/2 i nr 18\/2 obr\u0119bu nr 3.<\/li><li><strong>Camper Park<\/strong> \u2013 parking z wiat\u0105 przy ul. Garnizonowej 18 w Dobrym Mie\u015bcie, na dzia\u0142ce ewidencyjnej nr 14\/2 obr\u0119bu nr 3.<\/li><li><strong>Camper Park<\/strong> przy ul. Tadeusza Nalepy na dzia\u0142ce ewidencyjnej nr 338\/5 obr\u0119bu nr 2.<\/li><li><strong>Pumptrack<\/strong> \u2013 tor rowerowy przy ul. Garnizonowej 20 w Dobrym Mie\u015bcie, na dzia\u0142ce ewidencyjnej nr 20 obr\u0119bu nr 3.<\/li><li><strong>Kompleks boisk sportowych \u201eMoje Boisko ORLIK 2012\u201d<\/strong> przy ul. Garnizonowej 20, na dzia\u0142ce ewidencyjnej nr 14\/1 obr\u0119bu nr 3.<\/li><li><strong>CATK<\/strong> &#8211; Centrum Aktywizacji Turystyki Krajobrazowej \u2013 \u015bcie\u017cka turystyczna z wiat\u0105 przy <br \/>Garnizonowej 20 w Dobrym Mie\u015bcie, na dzia\u0142ce ewidencyjnej 20 obr\u0119bu nr 3.<\/li><li><strong>Stadion<\/strong> <strong>Miejski<\/strong> przy ul. Olszty\u0144skiej 14 w Dobrym Mie\u015bcie, na dzia\u0142ce ewidencyjnej nr 104 obr\u0119bu nr 4.<\/li><li><strong>Pawilon sportowy<\/strong> przy ul. Olszty\u0144skiej 14 w Dobrym Mie\u015bcie, na dzia\u0142ce ewidencyjnej nr 104 obr\u0119bu nr 4.<\/li><li><strong>Boisko sportowe w Knopinie, <\/strong>na dzia\u0142ce ewidencyjnej nr 55\/14 obr\u0119bu Knopin.<\/li><li><strong>Boisko sportowe w Jesionowie, <\/strong>na dzia\u0142ce ewidencyjnej nr 40 i 41 obr\u0119bu Jesionowo.<\/li><li><strong>Infrastruktura przystani kajakowych:\u00a0<\/strong><br \/><ol><li>\u00a0w Dobrym Mie\u015bcie przy ul. G\u00f3rnej, na dzia\u0142ce ewidencyjnej nr 77\/32 obr\u0119bu nr 4<\/li><li>w Cerkiewniku, na prywatnej dzia\u0142ce ewidencyjnej nr 75 obr\u0119bu Cerkiewnik;<\/li><li>w Smolajnach, na dzia\u0142ce ewidencyjnej nr 296 obr\u0119bu Smolajny.<\/li><\/ol><\/li><li><strong>Obiekty O\u015brodka Wypoczynkowego w Swobodnej<\/strong>, na dzia\u0142kach stanowi\u0105cych w\u0142asno\u015b\u0107: Gminy Dobre Miasto nr 3064\/7 i na dzia\u0142ce Nadle\u015bnictwa Kudypy nr 3067\/8 obr\u0119bu Swobodna.<\/li><li><strong>Pla\u017ca Miejska<\/strong>, na dzia\u0142kach stanowi\u0105cy w\u0142asno\u015b\u0107 Gminy Dobre Miasto nr 70\/8 obr\u0119bu Swobodna z pomostami p\u0142ywaj\u0105cymi na jeziorze Limajno i na dzia\u0142ce nr 3064\/10 oraz dzia\u0142ce Nadle\u015bnictwa Kudypy nr 3064\/9.<\/li><li><strong>Parking trawiasty<\/strong> na dzia\u0142ce ewidencyjnej nr 6\/11 obr\u0119bu Swobodna.<\/li><li><strong>Si\u0142ownie zewn\u0119trzne<\/strong>:<ol><li>przy ul. Garnizonowej 20 w Dobrym Mie\u015bcie, na dzia\u0142ce ewidencyjnej nr 14\/1\u00a0 obr\u0119bu nr 3;<\/li><li>w\u00a0Parku Przyjaci\u00f3\u0142 Kultury przy ul. Zwyci\u0119stwa w Dobrym Mie\u015bcie, na dzia\u0142ce ewidencyjnej nr 33\/5obr\u0119bu nr 1;<\/li><li>przy ul. \u0141u\u017cyckiej w Dobrym Mie\u015bcie, na dzia\u0142ce ewidencyjnej nr 34 obr\u0119bu nr 4;<\/li><li>przy ul. Grudzi\u0105dzkiej w Dobrym Mie\u015bcie, na dzia\u0142ce ewidencyjnej nr 455 obr\u0119bu nr 1;<\/li><li>przy ul. Gen. Tadeusza Ko\u015bciuszki w Dobrym Mie\u015bcie, na dzia\u0142ce ewidencyjnej nr 253\/2\u00a0 obr\u0119bu nr 2;<\/li><li>w Smolajnach, na dzia\u0142ce ewidencyjnej nr 287\/7 obr\u0119bu Smolajny;<\/li><li>w Jesionowie, na dzia\u0142ce ewidencyjnej nr 43 obr\u0119bu Jesionowo<\/li><\/ol><\/li><li><strong>Place zabaw:<\/strong><ol><li>w Dobrym Mie\u015bcie przy Placu 1-go Sierpnia, na dzia\u0142ce ewidencyjnej nr 186\/2 obr\u0119bu nr 1;<\/li><li>w Dobrym Mie\u015bcie przy ul. Grunwaldzkiej (Skatepark), na dzia\u0142ce ewidencyjnej nr 442\/38 obr\u0119bu nr 2;<\/li><li>w Dobrym Mie\u015bcie przy ul. G\u00f3rnej, na dzia\u0142ce ewidencyjnej nr 93\/24 obr\u0119bu nr 4;<\/li><li>w Dobrym Mie\u015bcie przy ul. Romualda Traugutta, na dzia\u0142ce ewidencyjnej nr 80\/7 obr\u0119bu nr 2;<\/li><li>w Dobrym Mie\u015bcie przy ul. Warszawskiej, na dzia\u0142kach ewidencyjnych nr 86\/19, 86\/20 i 86\/21 obr\u0119bu nr 1;<\/li><li>w Dobrym Mie\u015bcie przy ul. Garnizonowej 20, na dzia\u0142ce ewidencyjnej nr 13\/23 obr\u0119bu nr 3;<\/li><li>w Bzowcu, na dzia\u0142ce ewidencyjnej nr 89\/1 obr\u0119bu Bzowiec;<\/li><li>w Cerkiewniku, na dzia\u0142ce ewidencyjnej nr 158 obr\u0119bu Cerkiewnik;<\/li><li>w G\u0142otowie, na dzia\u0142ce ewidencyjnej nr 197\/2 obr\u0119bu G\u0142otowo;<\/li><li>w Kabikiejmach Dolnych , na dzia\u0142ce ewidencyjnej nr\u00a0 72\/9 obr\u0119bu Kabikiejmy Dolne;<\/li><li>w Knopinie, na dzia\u0142ce ewidencyjnej nr 109\/2 obr\u0119bu Knopin;<\/li><li>w Knopinie \u2013 Osada, na dzia\u0142ce ewidencyjnej nr 55\/14 obr\u0119bu Knopin;<\/li><li>w Kosyniu, na dzia\u0142ce ewidencyjnej nr 89\/2 obr\u0119bu Kosy\u0144;<\/li><li>w Kuniku na dzia\u0142ce ewidencyjnej nr 50 obr\u0119bu Kosy\u0144;<\/li><li>w \u0141\u0119gnie, na dzia\u0142ce ewidencyjnej nr 149\/3 obr\u0119bu \u0141\u0119gno;<\/li><li>w Mi\u0119dzylesiu, na dzia\u0142ce ewidencyjnej nr 36 obr\u0119bu Mi\u0119dzylesie;<\/li><li>w Nowej Wsi Malej, na dzia\u0142ce ewidencyjnej nr 108\/6 obr\u0119bu Nowa Wie\u015b Ma\u0142a;<\/li><li>w Orzechowie, na dzia\u0142ce ewidencyjnej nr 105\/1 obr\u0119bu Orzechowo;<\/li><li>w Piotraszewie, na dzia\u0142ce ewidencyjnej nr 2\/4 obr\u0119bu Piotraszewo;<\/li><li>w Podle\u015bnej, na dzia\u0142ce ewidencyjnej nr 254 obr\u0119bu Podle\u015bna;<\/li><li>w Praslitach, na dzia\u0142ce ewidencyjnej nr 125 obr\u0119bu Praslity;<\/li><li>w Smolajnach, na dzia\u0142ce ewidencyjnej nr 287\/7 obr\u0119bu Smolajny;<\/li><li>w Starym Dworze, na dzia\u0142ce nr 138\/2 obr\u0119bu Stary Dw\u00f3r;<\/li><li>w Urbanowie, na dzia\u0142ce nr 4\/6 obr\u0119bu Piotraszewo. <\/li><\/ol><\/li><\/ol><p>\u00a0<\/p>\t\t\t\t\t\t<\/div>\n\t\t\t\t<\/div>\n\t\t\t\t\t<\/div>\n\t\t<\/div>\n\t\t\t\t<div class=\"elementor-column elementor-col-50 elementor-inner-column elementor-element elementor-element-77a0e94\" data-id=\"77a0e94\" data-element_type=\"column\">\n\t\t\t<div class=\"elementor-widget-wrap\">\n\t\t\t\t\t\t\t\t\t<\/div>\n\t\t<\/div>\n\t\t\t\t\t\t\t<\/div>\n\t\t<\/section>\n\t\t\t\t\t<\/div>\n\t\t<\/div>\n\t\t\t\t<div class=\"elementor-column elementor-col-50 elementor-top-column elementor-element elementor-element-0ade384\" data-id=\"0ade384\" data-element_type=\"column\">\n\t\t\t<div class=\"elementor-widget-wrap\">\n\t\t\t\t\t\t\t\t\t<\/div>\n\t\t<\/div>\n\t\t\t\t\t\t\t<\/div>\n\t\t<\/section>\n\t\t\t\t\t\t<\/div>\n\t\t\t\t\t<\/div>\n\t\t","protected":false},"excerpt":{"rendered":"<p>Wykaz obiekt\u00f3w i teren\u00f3w komunalnych stanowi\u0105cych baz\u0119 sportowo-rekreacyjn\u0105&nbsp;&nbsp;O\u015brodka Sportu i Rekreacji w Dobrym Mie\u015bcie Kryta p\u0142ywalnia przy ul. Garnizonowej 18 w Dobrym Mie\u015bcie, na dzia\u0142kach ewidencyjnych nr 14\/2 i nr 18\/2 obr\u0119bu nr 3. Camper Park \u2013 parking z wiat\u0105 przy ul. Garnizonowej 18 w Dobrym Mie\u015bcie, na dzia\u0142ce ewidencyjnej [&hellip;]<\/p>\n","protected":false},"author":1,"featured_media":0,"parent":0,"menu_order":0,"comment_status":"closed","ping_status":"closed","template":"","meta":{"ngg_post_thumbnail":0,"footnotes":""},"class_list":["post-2038","page","type-page","status-publish","hentry"],"_links":{"self":[{"href":"https:\/\/www.osir.dobremiasto.com.pl\/index.php\/wp-json\/wp\/v2\/pages\/2038"}],"collection":[{"href":"https:\/\/www.osir.dobremiasto.com.pl\/index.php\/wp-json\/wp\/v2\/pages"}],"about":[{"href":"https:\/\/www.osir.dobremiasto.com.pl\/index.php\/wp-json\/wp\/v2\/types\/page"}],"author":[{"embeddable":true,"href":"https:\/\/www.osir.dobremiasto.com.pl\/index.php\/wp-json\/wp\/v2\/users\/1"}],"replies":[{"embeddable":true,"href":"https:\/\/www.osir.dobremiasto.com.pl\/index.php\/wp-json\/wp\/v2\/comments?post=2038"}],"version-history":[{"count":4,"href":"https:\/\/www.osir.dobremiasto.com.pl\/index.php\/wp-json\/wp\/v2\/pages\/2038\/revisions"}],"predecessor-version":[{"id":4425,"href":"https:\/\/www.osir.dobremiasto.com.pl\/index.php\/wp-json\/wp\/v2\/pages\/2038\/revisions\/4425"}],"wp:attachment":[{"href":"https:\/\/www.osir.dobremiasto.com.pl\/index.php\/wp-json\/wp\/v2\/media?parent=2038"}],"curies":[{"name":"wp","href":"https:\/\/api.w.org\/{rel}","templated":true}]}}