{"id":2073,"date":"2015-02-25T23:53:00","date_gmt":"2015-02-25T23:53:00","guid":{"rendered":"http:\/\/www.osir.dobremiasto.com.pl\/index.php\/2015\/02\/25\/basen-na-fali\/"},"modified":"2025-03-10T10:33:53","modified_gmt":"2025-03-10T10:33:53","slug":"basen-na-fali","status":"publish","type":"page","link":"https:\/\/www.osir.dobremiasto.com.pl\/index.php\/basen-na-fali\/","title":{"rendered":"Basen na Fali"},"content":{"rendered":"<h3 style=\"text-align: center;\" data-start=\"0\" data-end=\"61\"><strong data-start=\"4\" data-end=\"59\">Nowoczesny kompleks basenowy \u2013 miejsce dla ka\u017cdego!<\/strong><\/h3>\n<p style=\"text-align: center;\" data-start=\"63\" data-end=\"500\">Basen to nowoczesny kompleks sportowy, kt\u00f3ry \u0142\u0105czy rekreacj\u0119, sport i relaks. Do dyspozycji go\u015bci s\u0105 dwa baseny \u2013 sportowy i rekreacyjny, a tak\u017ce jacuzzi, zje\u017cd\u017calnia, sauna oraz si\u0142ownia. Nad bezpiecze\u0144stwem czuwa sztab wykwalifikowanych ratownik\u00f3w, a profesjonalni instruktorzy pomagaj\u0105 w nauce i doskonaleniu techniki p\u0142ywania. To idealne miejsce zar\u00f3wno dla os\u00f3b aktywnych, jak i tych, kt\u00f3rzy szukaj\u0105 odpoczynku w wodnym otoczeniu.<\/p>\n<p style=\"text-align: center;\">&nbsp;<\/p>\n<h3 style=\"text-align: center;\" data-start=\"507\" data-end=\"563\"><strong data-start=\"511\" data-end=\"561\">Basen sportowy \u2013 doskona\u0142e warunki do treningu<\/strong><\/h3>\n<p style=\"text-align: center;\" data-start=\"565\" data-end=\"932\">Dla os\u00f3b preferuj\u0105cych aktywny tryb \u017cycia przygotowano nowoczesny basen sportowy o wymiarach <strong data-start=\"658\" data-end=\"673\">25 x 12,5 m<\/strong>, podzielony na <strong data-start=\"689\" data-end=\"711\">6 tor\u00f3w p\u0142ywackich<\/strong>. Dzi\u0119ki zmiennej g\u0142\u0119boko\u015bci od <strong data-start=\"743\" data-end=\"761\">1,2 m do 1,8 m<\/strong> jest idealnym miejscem zar\u00f3wno dla pocz\u0105tkuj\u0105cych, jak i do\u015bwiadczonych p\u0142ywak\u00f3w. To doskona\u0142e miejsce na trening, popraw\u0119 kondycji oraz doskonalenie techniki p\u0142ywania.<\/p>\n<p style=\"text-align: center;\"><img loading=\"lazy\" decoding=\"async\" class=\"alignnone size-medium wp-image-4432\" src=\"http:\/\/www.osir.dobremiasto.com.pl\/wp-content\/uploads\/2025\/03\/DSC09648a-300x200.jpg\" alt=\"\" width=\"300\" height=\"200\" srcset=\"https:\/\/www.osir.dobremiasto.com.pl\/wp-content\/uploads\/2025\/03\/DSC09648a-300x200.jpg 300w, https:\/\/www.osir.dobremiasto.com.pl\/wp-content\/uploads\/2025\/03\/DSC09648a-1024x683.jpg 1024w, https:\/\/www.osir.dobremiasto.com.pl\/wp-content\/uploads\/2025\/03\/DSC09648a-768x512.jpg 768w, https:\/\/www.osir.dobremiasto.com.pl\/wp-content\/uploads\/2025\/03\/DSC09648a-1536x1024.jpg 1536w, https:\/\/www.osir.dobremiasto.com.pl\/wp-content\/uploads\/2025\/03\/DSC09648a-2048x1365.jpg 2048w\" sizes=\"(max-width: 300px) 100vw, 300px\" \/><\/p>\n<p style=\"text-align: center;\"><img loading=\"lazy\" decoding=\"async\" class=\"alignnone size-medium wp-image-4430\" src=\"http:\/\/www.osir.dobremiasto.com.pl\/wp-content\/uploads\/2025\/03\/1741096779860-300x200.jpg\" alt=\"\" width=\"300\" height=\"200\" srcset=\"https:\/\/www.osir.dobremiasto.com.pl\/wp-content\/uploads\/2025\/03\/1741096779860-300x200.jpg 300w, https:\/\/www.osir.dobremiasto.com.pl\/wp-content\/uploads\/2025\/03\/1741096779860-1024x683.jpg 1024w, https:\/\/www.osir.dobremiasto.com.pl\/wp-content\/uploads\/2025\/03\/1741096779860-768x512.jpg 768w, https:\/\/www.osir.dobremiasto.com.pl\/wp-content\/uploads\/2025\/03\/1741096779860-1536x1024.jpg 1536w, https:\/\/www.osir.dobremiasto.com.pl\/wp-content\/uploads\/2025\/03\/1741096779860-2048x1366.jpg 2048w\" sizes=\"(max-width: 300px) 100vw, 300px\" \/><\/p>\n<h3 style=\"text-align: center;\" data-start=\"939\" data-end=\"990\"><strong data-start=\"943\" data-end=\"988\">Basen rekreacyjny \u2013 relaks i wodna zabawa<\/strong><\/h3>\n<p style=\"text-align: center;\" data-start=\"992\" data-end=\"1306\">Najm\u0142odsi mi\u0142o\u015bnicy wody oraz osoby poszukuj\u0105ce odpr\u0119\u017cenia mog\u0105 skorzysta\u0107 z <strong data-start=\"1069\" data-end=\"1093\">basenu rekreacyjnego<\/strong> o wymiarach <strong data-start=\"1106\" data-end=\"1118\">12 x 6 m<\/strong> i g\u0142\u0119boko\u015bci od <strong data-start=\"1135\" data-end=\"1153\">0,8 m do 1,3 m<\/strong>. Woda masuje i relaksuje dzi\u0119ki <strong data-start=\"1186\" data-end=\"1237\">biczy wodnym oraz strugom podwodnym i nadwodnym<\/strong>, kt\u00f3re zapewniaj\u0105 odpr\u0119\u017cenie i ukojenie po dniu pe\u0142nym aktywno\u015bci.<\/p>\n<p style=\"text-align: center;\" data-start=\"992\" data-end=\"1306\"><img loading=\"lazy\" decoding=\"async\" class=\"alignnone size-medium wp-image-4426\" src=\"http:\/\/www.osir.dobremiasto.com.pl\/wp-content\/uploads\/2025\/03\/1741097278384-300x200.jpg\" alt=\"\" width=\"300\" height=\"200\" srcset=\"https:\/\/www.osir.dobremiasto.com.pl\/wp-content\/uploads\/2025\/03\/1741097278384-300x200.jpg 300w, https:\/\/www.osir.dobremiasto.com.pl\/wp-content\/uploads\/2025\/03\/1741097278384-1024x683.jpg 1024w, https:\/\/www.osir.dobremiasto.com.pl\/wp-content\/uploads\/2025\/03\/1741097278384-768x512.jpg 768w, https:\/\/www.osir.dobremiasto.com.pl\/wp-content\/uploads\/2025\/03\/1741097278384-1536x1024.jpg 1536w, https:\/\/www.osir.dobremiasto.com.pl\/wp-content\/uploads\/2025\/03\/1741097278384-2048x1365.jpg 2048w\" sizes=\"(max-width: 300px) 100vw, 300px\" \/><\/p>\n<h3 style=\"text-align: center;\" data-start=\"1313\" data-end=\"1357\"><strong data-start=\"1317\" data-end=\"1355\">Jacuzzi \u2013 odpr\u0119\u017cenie i regeneracja<\/strong><\/h3>\n<p style=\"text-align: center;\" data-start=\"1359\" data-end=\"1580\">Chwile wytchnienia i pe\u0142en relaks zapewni <strong data-start=\"1401\" data-end=\"1427\">jacuzzi z hydromasa\u017cem<\/strong>. Ciep\u0142a woda oraz masa\u017c b\u0105belkowy pozwalaj\u0105 rozlu\u017ani\u0107 mi\u0119\u015bnie, poprawi\u0107 kr\u0105\u017cenie i w pe\u0142ni si\u0119 odpr\u0119\u017cy\u0107. To doskona\u0142e uzupe\u0142nienie aktywno\u015bci wodnych.<\/p>\n<p style=\"text-align: center;\"><img loading=\"lazy\" decoding=\"async\" class=\"alignnone size-medium wp-image-4431\" src=\"http:\/\/www.osir.dobremiasto.com.pl\/wp-content\/uploads\/2025\/03\/DSC00217-300x200.jpg\" alt=\"\" width=\"300\" height=\"200\" srcset=\"https:\/\/www.osir.dobremiasto.com.pl\/wp-content\/uploads\/2025\/03\/DSC00217-300x200.jpg 300w, https:\/\/www.osir.dobremiasto.com.pl\/wp-content\/uploads\/2025\/03\/DSC00217-1024x683.jpg 1024w, https:\/\/www.osir.dobremiasto.com.pl\/wp-content\/uploads\/2025\/03\/DSC00217-768x512.jpg 768w, https:\/\/www.osir.dobremiasto.com.pl\/wp-content\/uploads\/2025\/03\/DSC00217-1536x1024.jpg 1536w, https:\/\/www.osir.dobremiasto.com.pl\/wp-content\/uploads\/2025\/03\/DSC00217-2048x1365.jpg 2048w\" sizes=\"(max-width: 300px) 100vw, 300px\" \/><\/p>\n<h3 style=\"text-align: center;\" data-start=\"1587\" data-end=\"1635\"><strong data-start=\"1591\" data-end=\"1633\">Zje\u017cd\u017calnia \u2013 wodna frajda dla ka\u017cdego<\/strong><\/h3>\n<p style=\"text-align: center;\" data-start=\"1637\" data-end=\"1854\">Dla mi\u0142o\u015bnik\u00f3w adrenaliny przygotowano <strong data-start=\"1676\" data-end=\"1702\">50-metrow\u0105 zje\u017cd\u017calni\u0119<\/strong>, kt\u00f3ra gwarantuje mn\u00f3stwo rado\u015bci i niezapomnianych emocji zar\u00f3wno dzieciom, jak i doros\u0142ym. To idealna atrakcja dla tych, kt\u00f3rzy lubi\u0105 wodn\u0105 zabaw\u0119.<\/p>\n<p style=\"text-align: center;\" data-start=\"1637\" data-end=\"1854\"><img loading=\"lazy\" decoding=\"async\" class=\"alignnone size-medium wp-image-4433\" src=\"http:\/\/www.osir.dobremiasto.com.pl\/wp-content\/uploads\/2025\/03\/DSC09976-300x200.jpg\" alt=\"\" width=\"300\" height=\"200\" srcset=\"https:\/\/www.osir.dobremiasto.com.pl\/wp-content\/uploads\/2025\/03\/DSC09976-300x200.jpg 300w, https:\/\/www.osir.dobremiasto.com.pl\/wp-content\/uploads\/2025\/03\/DSC09976-1024x683.jpg 1024w, https:\/\/www.osir.dobremiasto.com.pl\/wp-content\/uploads\/2025\/03\/DSC09976-768x512.jpg 768w, https:\/\/www.osir.dobremiasto.com.pl\/wp-content\/uploads\/2025\/03\/DSC09976-1536x1024.jpg 1536w, https:\/\/www.osir.dobremiasto.com.pl\/wp-content\/uploads\/2025\/03\/DSC09976-2048x1366.jpg 2048w\" sizes=\"(max-width: 300px) 100vw, 300px\" \/><\/p>\n<h3 style=\"text-align: center;\" data-start=\"1861\" data-end=\"1912\"><strong data-start=\"1865\" data-end=\"1910\">Strefa saun \u2013 harmonia dla cia\u0142a i umys\u0142u<\/strong><\/h3>\n<p style=\"text-align: center;\" data-start=\"1914\" data-end=\"2143\">W kompleksie znajduje si\u0119 r\u00f3wnie\u017c <strong data-start=\"1948\" data-end=\"1982\">sauna fi\u0144ska oraz sauna parowa<\/strong>, kt\u00f3re pozwalaj\u0105 na odpr\u0119\u017cenie i regeneracj\u0119 organizmu. Sauna poprawia kr\u0105\u017cenie, wzmacnia odporno\u015b\u0107 i pomaga pozby\u0107 si\u0119 toksyn, a tak\u017ce zapewnia b\u0142ogi relaks.<\/p>\n<p style=\"text-align: center;\"><img loading=\"lazy\" decoding=\"async\" class=\"alignnone size-medium wp-image-4436\" src=\"http:\/\/www.osir.dobremiasto.com.pl\/wp-content\/uploads\/2025\/03\/iKifz-Ij-226x300.jpg\" alt=\"\" width=\"226\" height=\"300\" srcset=\"https:\/\/www.osir.dobremiasto.com.pl\/wp-content\/uploads\/2025\/03\/iKifz-Ij-226x300.jpg 226w, https:\/\/www.osir.dobremiasto.com.pl\/wp-content\/uploads\/2025\/03\/iKifz-Ij-771x1024.jpg 771w, https:\/\/www.osir.dobremiasto.com.pl\/wp-content\/uploads\/2025\/03\/iKifz-Ij-768x1020.jpg 768w, https:\/\/www.osir.dobremiasto.com.pl\/wp-content\/uploads\/2025\/03\/iKifz-Ij-1157x1536.jpg 1157w, https:\/\/www.osir.dobremiasto.com.pl\/wp-content\/uploads\/2025\/03\/iKifz-Ij.jpg 1542w\" sizes=\"(max-width: 226px) 100vw, 226px\" \/> <img loading=\"lazy\" decoding=\"async\" class=\"alignnone size-medium wp-image-4435\" src=\"http:\/\/www.osir.dobremiasto.com.pl\/wp-content\/uploads\/2025\/03\/hWAT_b73-274x300.jpg\" alt=\"\" width=\"274\" height=\"300\" srcset=\"https:\/\/www.osir.dobremiasto.com.pl\/wp-content\/uploads\/2025\/03\/hWAT_b73-274x300.jpg 274w, https:\/\/www.osir.dobremiasto.com.pl\/wp-content\/uploads\/2025\/03\/hWAT_b73-935x1024.jpg 935w, https:\/\/www.osir.dobremiasto.com.pl\/wp-content\/uploads\/2025\/03\/hWAT_b73-768x841.jpg 768w, https:\/\/www.osir.dobremiasto.com.pl\/wp-content\/uploads\/2025\/03\/hWAT_b73-1403x1536.jpg 1403w, https:\/\/www.osir.dobremiasto.com.pl\/wp-content\/uploads\/2025\/03\/hWAT_b73.jpg 1870w\" sizes=\"(max-width: 274px) 100vw, 274px\" \/> <img loading=\"lazy\" decoding=\"async\" class=\"alignnone size-medium wp-image-4437\" src=\"http:\/\/www.osir.dobremiasto.com.pl\/wp-content\/uploads\/2025\/03\/QoDJ8zMQ-208x300.jpg\" alt=\"\" width=\"208\" height=\"300\" srcset=\"https:\/\/www.osir.dobremiasto.com.pl\/wp-content\/uploads\/2025\/03\/QoDJ8zMQ-208x300.jpg 208w, https:\/\/www.osir.dobremiasto.com.pl\/wp-content\/uploads\/2025\/03\/QoDJ8zMQ-712x1024.jpg 712w, https:\/\/www.osir.dobremiasto.com.pl\/wp-content\/uploads\/2025\/03\/QoDJ8zMQ-768x1105.jpg 768w, https:\/\/www.osir.dobremiasto.com.pl\/wp-content\/uploads\/2025\/03\/QoDJ8zMQ-1067x1536.jpg 1067w, https:\/\/www.osir.dobremiasto.com.pl\/wp-content\/uploads\/2025\/03\/QoDJ8zMQ.jpg 1423w\" sizes=\"(max-width: 208px) 100vw, 208px\" \/><\/p>\n<h3 style=\"text-align: center;\" data-start=\"2465\" data-end=\"2513\"><strong data-start=\"2469\" data-end=\"2511\">Zapraszamy do \u015bwiata wodnych atrakcji!<\/strong><\/h3>\n<p style=\"text-align: center;\" data-start=\"2515\" data-end=\"2735\" data-is-last-node=\"\" data-is-only-node=\"\">Niezale\u017cnie od tego, czy szukasz aktywno\u015bci, czy relaksu \u2013 kompleks basenowy <em data-start=\"2592\" data-end=\"2598\">Fala<\/em> to miejsce stworzone dla Ciebie! Sp\u0119d\u017a tu czas z rodzin\u0105, zadbaj o swoj\u0105 kondycj\u0119 i ciesz si\u0119 wodnymi atrakcjami na najwy\u017cszym poziomie.<\/p>\n<p style=\"text-align: center;\">&nbsp;<\/p>\n<p style=\"text-align: center;\">&nbsp;<\/p>\n","protected":false},"excerpt":{"rendered":"<p>Nowoczesny kompleks basenowy \u2013 miejsce dla ka\u017cdego! Basen to nowoczesny kompleks sportowy, kt\u00f3ry \u0142\u0105czy rekreacj\u0119, sport i relaks. Do dyspozycji go\u015bci s\u0105 dwa baseny \u2013 sportowy i rekreacyjny, a tak\u017ce jacuzzi, zje\u017cd\u017calnia, sauna oraz si\u0142ownia. Nad bezpiecze\u0144stwem czuwa sztab wykwalifikowanych ratownik\u00f3w, a profesjonalni instruktorzy pomagaj\u0105 w nauce i doskonaleniu techniki [&hellip;]<\/p>\n","protected":false},"author":1,"featured_media":0,"parent":0,"menu_order":-1,"comment_status":"closed","ping_status":"open","template":"","meta":{"ngg_post_thumbnail":0,"footnotes":""},"class_list":["post-2073","page","type-page","status-publish","hentry"],"_links":{"self":[{"href":"https:\/\/www.osir.dobremiasto.com.pl\/index.php\/wp-json\/wp\/v2\/pages\/2073"}],"collection":[{"href":"https:\/\/www.osir.dobremiasto.com.pl\/index.php\/wp-json\/wp\/v2\/pages"}],"about":[{"href":"https:\/\/www.osir.dobremiasto.com.pl\/index.php\/wp-json\/wp\/v2\/types\/page"}],"author":[{"embeddable":true,"href":"https:\/\/www.osir.dobremiasto.com.pl\/index.php\/wp-json\/wp\/v2\/users\/1"}],"replies":[{"embeddable":true,"href":"https:\/\/www.osir.dobremiasto.com.pl\/index.php\/wp-json\/wp\/v2\/comments?post=2073"}],"version-history":[{"count":3,"href":"https:\/\/www.osir.dobremiasto.com.pl\/index.php\/wp-json\/wp\/v2\/pages\/2073\/revisions"}],"predecessor-version":[{"id":4439,"href":"https:\/\/www.osir.dobremiasto.com.pl\/index.php\/wp-json\/wp\/v2\/pages\/2073\/revisions\/4439"}],"wp:attachment":[{"href":"https:\/\/www.osir.dobremiasto.com.pl\/index.php\/wp-json\/wp\/v2\/media?parent=2073"}],"curies":[{"name":"wp","href":"https:\/\/api.w.org\/{rel}","templated":true}]}}