{"id":2083,"date":"2015-03-18T20:41:28","date_gmt":"2015-03-18T20:41:28","guid":{"rendered":"http:\/\/www.osir.dobremiasto.com.pl\/index.php\/2015\/03\/18\/kompleks-obiektow-sportowych\/"},"modified":"2025-03-11T12:37:56","modified_gmt":"2025-03-11T12:37:56","slug":"kompleks-obiektow-sportowych","status":"publish","type":"page","link":"https:\/\/www.osir.dobremiasto.com.pl\/index.php\/kompleks-obiektow-sportowych\/","title":{"rendered":"Stadion Miejski i Kompleks Obiekt\u00f3w Sportowych"},"content":{"rendered":"<p style=\"text-align: center;\" data-start=\"0\" data-end=\"66\"><span style=\"font-family: arial, helvetica, sans-serif; font-size: 14pt;\"><strong>Nowoczesny Stadion Miejski \u2013 miejsce dla sportu i pasji!<\/strong><\/span><\/p>\n<p style=\"text-align: center;\" data-start=\"68\" data-end=\"260\"><span style=\"font-family: arial, helvetica, sans-serif; font-size: 14pt;\">Odnowiony Stadion Miejski to nowoczesna przestrze\u0144 dla sportowc\u00f3w i kibic\u00f3w. Nowa, wysokiej jako\u015bci murawa oraz bie\u017cnia lekkoatletyczna zapewniaj\u0105 doskona\u0142e warunki do trening\u00f3w i rozgrywek.<\/span><\/p>\n<p style=\"text-align: center;\" data-start=\"262\" data-end=\"588\"><span style=\"font-family: arial, helvetica, sans-serif; font-size: 14pt;\">Komfort widz\u00f3w gwarantuje zadaszona trybuna z niemal 400 miejscami siedz\u0105cymi, dzi\u0119ki czemu mo\u017cna \u015bledzi\u0107 sportowe emocje niezale\u017cnie od pogody. Na terenie obiektu znajduje si\u0119 tak\u017ce wielofunkcyjne boisko oraz przestrze\u0144 na tzw. p\u0142ycie g\u00f3rnej, kt\u00f3re pozwalaj\u0105 na organizacj\u0119 r\u00f3\u017cnorodnych wydarze\u0144 sportowych i rekreacyjnych.<\/span><\/p>\n<p style=\"text-align: center;\" data-start=\"590\" data-end=\"697\" data-is-last-node=\"\" data-is-only-node=\"\"><span style=\"font-family: arial, helvetica, sans-serif; font-size: 14pt;\">Zapraszamy do korzystania z nowoczesnej infrastruktury i wsp\u00f3lnego prze\u017cywania sportowych emocji!<\/span><\/p>\n<p style=\"text-align: center;\"><span style=\"font-family: arial, helvetica, sans-serif; font-size: 14pt;\"><em>e-mail: osir@dobremiasto.com.pl<\/em><\/span><\/p>\n<p style=\"text-align: center;\"><img loading=\"lazy\" decoding=\"async\" class=\"alignnone size-medium wp-image-4481\" src=\"http:\/\/www.osir.dobremiasto.com.pl\/wp-content\/uploads\/2025\/03\/WhatsApp-Image-2025-03-10-at-12.30.574-300x225.jpeg\" alt=\"\" width=\"300\" height=\"225\" srcset=\"https:\/\/www.osir.dobremiasto.com.pl\/wp-content\/uploads\/2025\/03\/WhatsApp-Image-2025-03-10-at-12.30.574-300x225.jpeg 300w, https:\/\/www.osir.dobremiasto.com.pl\/wp-content\/uploads\/2025\/03\/WhatsApp-Image-2025-03-10-at-12.30.574-1024x768.jpeg 1024w, https:\/\/www.osir.dobremiasto.com.pl\/wp-content\/uploads\/2025\/03\/WhatsApp-Image-2025-03-10-at-12.30.574-768x576.jpeg 768w, https:\/\/www.osir.dobremiasto.com.pl\/wp-content\/uploads\/2025\/03\/WhatsApp-Image-2025-03-10-at-12.30.574-1536x1152.jpeg 1536w, https:\/\/www.osir.dobremiasto.com.pl\/wp-content\/uploads\/2025\/03\/WhatsApp-Image-2025-03-10-at-12.30.574.jpeg 2048w\" sizes=\"(max-width: 300px) 100vw, 300px\" \/>&nbsp; <img loading=\"lazy\" decoding=\"async\" class=\"alignnone size-medium wp-image-4485\" src=\"http:\/\/www.osir.dobremiasto.com.pl\/wp-content\/uploads\/2025\/03\/WhatsApp-Image-2025-03-10-at-12.30.583-300x225.jpeg\" alt=\"\" width=\"300\" height=\"225\" srcset=\"https:\/\/www.osir.dobremiasto.com.pl\/wp-content\/uploads\/2025\/03\/WhatsApp-Image-2025-03-10-at-12.30.583-300x225.jpeg 300w, https:\/\/www.osir.dobremiasto.com.pl\/wp-content\/uploads\/2025\/03\/WhatsApp-Image-2025-03-10-at-12.30.583-1024x768.jpeg 1024w, https:\/\/www.osir.dobremiasto.com.pl\/wp-content\/uploads\/2025\/03\/WhatsApp-Image-2025-03-10-at-12.30.583-768x576.jpeg 768w, https:\/\/www.osir.dobremiasto.com.pl\/wp-content\/uploads\/2025\/03\/WhatsApp-Image-2025-03-10-at-12.30.583-1536x1152.jpeg 1536w, https:\/\/www.osir.dobremiasto.com.pl\/wp-content\/uploads\/2025\/03\/WhatsApp-Image-2025-03-10-at-12.30.583.jpeg 2048w\" sizes=\"(max-width: 300px) 100vw, 300px\" \/>&nbsp; <img loading=\"lazy\" decoding=\"async\" class=\"alignnone size-medium wp-image-4486\" src=\"http:\/\/www.osir.dobremiasto.com.pl\/wp-content\/uploads\/2025\/03\/WhatsApp-Image-2025-03-10-at-12.30.58-300x225.jpeg\" alt=\"\" width=\"300\" height=\"225\" srcset=\"https:\/\/www.osir.dobremiasto.com.pl\/wp-content\/uploads\/2025\/03\/WhatsApp-Image-2025-03-10-at-12.30.58-300x225.jpeg 300w, https:\/\/www.osir.dobremiasto.com.pl\/wp-content\/uploads\/2025\/03\/WhatsApp-Image-2025-03-10-at-12.30.58-1024x768.jpeg 1024w, https:\/\/www.osir.dobremiasto.com.pl\/wp-content\/uploads\/2025\/03\/WhatsApp-Image-2025-03-10-at-12.30.58-768x576.jpeg 768w, https:\/\/www.osir.dobremiasto.com.pl\/wp-content\/uploads\/2025\/03\/WhatsApp-Image-2025-03-10-at-12.30.58-1536x1152.jpeg 1536w, https:\/\/www.osir.dobremiasto.com.pl\/wp-content\/uploads\/2025\/03\/WhatsApp-Image-2025-03-10-at-12.30.58.jpeg 2048w\" sizes=\"(max-width: 300px) 100vw, 300px\" \/><\/p>\n<h4 style=\"text-align: center;\">&nbsp;<\/h4>\n<p style=\"text-align: center;\"><span style=\"font-family: arial, helvetica, sans-serif; font-size: 14pt;\"><strong>ORLIK przy ul. Garnizonowej<\/strong><\/span><\/p>\n<p style=\"text-align: center;\"><span style=\"font-family: arial, helvetica, sans-serif; font-size: 14pt;\">Na boisku pi\u0142karskim o wymiarach 30m x 62m ze sztuczn\u0105 nawierzchni\u0105 mo\u017cna gra\u0107 w pi\u0142k\u0119 no\u017cn\u0105.<\/span><\/p>\n<p style=\"text-align: center;\"><span style=\"font-family: arial, helvetica, sans-serif; font-size: 14pt;\">Na boisku wielofunkcyjnym, z tartanow\u0105 nawierzchni\u0105 o wymiarach 20m x 30m mo\u017cna gra\u0107 w pi\u0142k\u0119 r\u0119czn\u0105, koszyk\u00f3wk\u0119 oraz siatk\u00f3wk\u0119.<\/span><\/p>\n<p style=\"text-align: center;\"><span style=\"font-family: arial, helvetica, sans-serif; font-size: 14pt;\">Ca\u0142y obiekt jest bardzo dobrze o\u015bwietlony i ogrodzony siatk\u0105.<\/span><\/p>\n<p style=\"text-align: center;\"><span style=\"font-family: arial, helvetica, sans-serif; font-size: 14pt;\"><img loading=\"lazy\" decoding=\"async\" class=\" size-full wp-image-2080\" src=\"http:\/\/www.osir.dobremiasto.com.pl\/wp-content\/uploads\/2015\/03\/komp_obie_sport1.png\" alt=\"komp obie sport1\" width=\"795\" height=\"447\" srcset=\"https:\/\/www.osir.dobremiasto.com.pl\/wp-content\/uploads\/2015\/03\/komp_obie_sport1.png 795w, https:\/\/www.osir.dobremiasto.com.pl\/wp-content\/uploads\/2015\/03\/komp_obie_sport1-300x169.png 300w, https:\/\/www.osir.dobremiasto.com.pl\/wp-content\/uploads\/2015\/03\/komp_obie_sport1-768x432.png 768w\" sizes=\"(max-width: 795px) 100vw, 795px\" \/><\/span><\/p>\n<p style=\"text-align: center;\">&nbsp;<\/p>\n<p style=\"text-align: center;\"><span style=\"font-family: arial, helvetica, sans-serif; font-size: 14pt;\"><img loading=\"lazy\" decoding=\"async\" class=\" size-full wp-image-2081\" src=\"http:\/\/www.osir.dobremiasto.com.pl\/wp-content\/uploads\/2015\/03\/komp_obie_sport2.png\" alt=\"komp obie sport2\" width=\"800\" height=\"523\" srcset=\"https:\/\/www.osir.dobremiasto.com.pl\/wp-content\/uploads\/2015\/03\/komp_obie_sport2.png 800w, https:\/\/www.osir.dobremiasto.com.pl\/wp-content\/uploads\/2015\/03\/komp_obie_sport2-300x196.png 300w, https:\/\/www.osir.dobremiasto.com.pl\/wp-content\/uploads\/2015\/03\/komp_obie_sport2-768x502.png 768w\" sizes=\"(max-width: 800px) 100vw, 800px\" \/><\/span><\/p>\n<p>__________________________________________________________________________________________________<\/p>\n<p><span style=\"font-family: arial, helvetica, sans-serif; font-size: 18pt;\"><strong>Regulamin Stadionu Miejskiego przy ul. Olszty\u0144skiej 14 w Dobrym Mie\u015bcie<\/strong><\/span><\/p>\n<p><span style=\"font-family: arial, helvetica, sans-serif; font-size: 14pt;\"><strong>Postanowienia og\u00f3lne<\/strong><\/span><\/p>\n<ol>\n<li><span style=\"font-family: arial, helvetica, sans-serif; font-size: 14pt;\">Stadion Miejski przy ul. Olszty\u0144skiej 14 w Dobrym Mie\u015bcie (dalej &#8222;Stadion&#8221;) jest obiektem sportowo-rekreacyjnym zarz\u0105dzanym przez O\u015brodek Sportu i Rekreacji w Dobrym Mie\u015bcie.<\/span><\/li>\n<li><span style=\"font-family: arial, helvetica, sans-serif; font-size: 14pt;\">Regulamin okre\u015bla zasady korzystania ze Stadionu oraz przebywania na jego terenie.<\/span><\/li>\n<li><span style=\"font-family: arial, helvetica, sans-serif; font-size: 14pt;\">Stadion jest przeznaczony do organizowania zawod\u00f3w sportowych, zaj\u0119\u0107 rekreacyjnych, imprez kulturalnych oraz innych wydarze\u0144 zgodnych z jego przeznaczeniem.<\/span><\/li>\n<li><span style=\"font-family: arial, helvetica, sans-serif; font-size: 14pt;\">Wej\u015bcie na teren Stadionu stanowi jednoczesn\u0105 akceptacje i zgod\u0119 na przestrzeganie postanowie\u0144 Regulaminu Stadionu.<\/span><\/li>\n<li><span style=\"font-family: arial, helvetica, sans-serif; font-size: 14pt;\">Stadion jest monitorowany za pomoc\u0105 kamer monitoringu wizyjnego przez 24 godziny na dob\u0119<strong>.<\/strong><\/span><\/li>\n<\/ol>\n<p><span style=\"font-family: arial, helvetica, sans-serif; font-size: 14pt;\"><strong>Zasady korzystania <\/strong><\/span><span style=\"font-family: arial, helvetica, sans-serif; font-size: 14pt;\"><strong>ze Stadionu<\/strong><\/span><\/p>\n<ol>\n<li><span style=\"font-family: arial, helvetica, sans-serif; font-size: 14pt;\">Korzystanie ze Stadionu odbywa si\u0119 zgodnie z harmonogramem ustalonym przez administratora obiektu.<\/span><\/li>\n<li><span style=\"font-family: arial, helvetica, sans-serif; font-size: 14pt;\">Osoby fizyczne, kluby sportowe, stowarzyszenia, szko\u0142y oraz inne organizacje chc\u0105ce korzysta\u0107 ze Stadionu s\u0105 zobowi\u0105zane do uzyskania zgody administratora oraz zapoznania si\u0119 z niniejszym regulaminem.<\/span><\/li>\n<li><span style=\"font-family: arial, helvetica, sans-serif; font-size: 14pt;\">Osoby poni\u017cej 15. roku \u017cycia mog\u0105 przebywa\u0107 na terenie Stadionu wy\u0142\u0105cznie pod opiek\u0105 os\u00f3b doros\u0142ych.<\/span><\/li>\n<li><span style=\"font-family: arial, helvetica, sans-serif; font-size: 14pt;\">Prowadzenie zaj\u0119\u0107 sportowych mo\u017ce odbywa\u0107 si\u0119 jedynie pod nadzorem uprawnionych trener\u00f3w, instruktor\u00f3w lub nauczycieli, kt\u00f3rzy ponosz\u0105 odpowiedzialno\u015b\u0107 za uczestnik\u00f3w.<\/span><\/li>\n<li><span style=\"font-family: arial, helvetica, sans-serif; font-size: 14pt;\">Wszystkie osoby przebywaj\u0105ce na terenie obiektu, zobowi\u0105zane s\u0105 do podporz\u0105dkowania si\u0119 poleceniom pracownik\u00f3w Stadionu, s\u0142u\u017cb porz\u0105dkowych i os\u00f3b upowa\u017cnionych przez administratora.<\/span><\/li>\n<li><span style=\"font-family: arial, helvetica, sans-serif; font-size: 14pt;\">Na teren Sadionu zakazuje si\u0119 wst\u0119pu osobie znajduj\u0105cej si\u0119 pod widocznym wp\u0142ywem alkoholu, \u015brodk\u00f3w odurzaj\u0105cych i psychotropowych lub innych podobnie dzia\u0142aj\u0105cych \u015brodk\u00f3w,&nbsp; zachowuj\u0105cej si\u0119 agresywnie, prowokacyjnie albo w inny spos\u00f3b stwarzaj\u0105cej zagro\u017cenie dla bezpiecze\u0144stwa lub porz\u0105dku publicznego.<\/span><\/li>\n<li><span style=\"font-family: arial, helvetica, sans-serif; font-size: 14pt;\">Za rzeczy pozostawione na obiekcie Administrator nie ponosi odpowiedzialno\u015bci.<\/span><\/li>\n<\/ol>\n<p><span style=\"font-family: arial, helvetica, sans-serif; font-size: 14pt;\"><strong>Obowi\u0105zki u\u017cytkownik\u00f3w<\/strong><\/span><\/p>\n<ol>\n<li><span style=\"font-family: arial, helvetica, sans-serif; font-size: 14pt;\">Wszystkie osoby przebywaj\u0105ce na terenie Stadionu s\u0105 zobowi\u0105zane do przestrzegania porz\u0105dku publicznego oraz postanowie\u0144 niniejszego regulaminu.<\/span><\/li>\n<li><span style=\"font-family: arial, helvetica, sans-serif; font-size: 14pt;\">U\u017cytkownicy s\u0105 zobowi\u0105zani do korzystania z obiektu i jego urz\u0105dze\u0144 zgodnie z ich przeznaczeniem oraz do dbania o ich stan.<\/span><\/li>\n<li><span style=\"font-family: arial, helvetica, sans-serif; font-size: 14pt;\">Wszelkie zauwa\u017cone uszkodzenia lub awarie nale\u017cy niezw\u0142ocznie zg\u0142asza\u0107 administratorowi obiektu.<\/span><\/li>\n<li><span style=\"font-family: arial, helvetica, sans-serif; font-size: 14pt;\">U\u017cytkownicy ponosz\u0105 odpowiedzialno\u015b\u0107 materialn\u0105 za szkody wyrz\u0105dzone na terenie Stadionu.<\/span><\/li>\n<\/ol>\n<p><span style=\"font-family: arial, helvetica, sans-serif; font-size: 14pt;\"><strong>Zakazy<\/strong><\/span><\/p>\n<p><span style=\"font-family: arial, helvetica, sans-serif; font-size: 14pt;\">Na terenie Stadionu zabrania si\u0119:<\/span><\/p>\n<ol>\n<li><span style=\"font-family: arial, helvetica, sans-serif; font-size: 14pt;\">Wnoszenia i spo\u017cywania alkoholu oraz \u015brodk\u00f3w odurzaj\u0105cych psychotropowych.<\/span><\/li>\n<li><span style=\"font-family: arial, helvetica, sans-serif; font-size: 14pt;\">Palenia wyrob\u00f3w tytoniowych i papieros\u00f3w elektronicznych.<\/span><\/li>\n<li><span style=\"font-family: arial, helvetica, sans-serif; font-size: 14pt;\">Wnoszenia broni lub wszelkiego rodzaju oraz przedmiot\u00f3w, kt\u00f3re mog\u0105 by\u0107 u\u017cyte jako bro\u0144 lub pociski, materia\u0142\u00f3w wybuchowych oraz innych niebezpiecznych przedmiot\u00f3w, pojemnik\u00f3w zawieraj\u0105cych gaz, substancje \u017cr\u0105ce, farbuj\u0105ce lub powoduj\u0105ce zanieczyszczenia, przedmiot\u00f3w wykonanych z kruchego, p\u0119kaj\u0105cego lub szczeg\u00f3lnie twardego materia\u0142u, przedmiot\u00f3w, .materia\u0142\u00f3w oraz urz\u0105dze\u0144 mog\u0105cych stwarza\u0107 niebezpiecze\u0144stwo dla u\u017cytkownik\u00f3w obiektu.<\/span><\/li>\n<li><span style=\"font-family: arial, helvetica, sans-serif; font-size: 14pt;\">U\u017cywania ogni sztucznych, rac, petard, \u015bwiec dymnych.<\/span><\/li>\n<li><span style=\"font-family: arial, helvetica, sans-serif; font-size: 14pt;\">Wprowadzania zwierz\u0105t bez uzyskania zgody zarz\u0105dcy, z wyj\u0105tkiem ps\u00f3w przewodnik\u00f3w.<\/span><\/li>\n<\/ol>\n<ol>\n<li><span style=\"font-family: arial, helvetica, sans-serif; font-size: 14pt;\">U\u017cywania wulgarnych lub obra\u017aliwych s\u0142\u00f3w.<\/span><\/li>\n<li><span style=\"font-family: arial, helvetica, sans-serif; font-size: 14pt;\">Zachowa\u0144 obra\u017caj\u0105cych lub naruszaj\u0105cych godno\u015b\u0107 osobist\u0105.<\/span><\/li>\n<li><span style=\"font-family: arial, helvetica, sans-serif; font-size: 14pt;\">Wchodzenia na ogrodzenia, drzewa, s\u0142upy o\u015bwietleniowe, maszty, dachy.<\/span><\/li>\n<li><span style=\"font-family: arial, helvetica, sans-serif; font-size: 14pt;\">Rozniecania ognia.<\/span><\/li>\n<li><span style=\"font-family: arial, helvetica, sans-serif; font-size: 14pt;\">Umieszczania na budynkach, urz\u0105dzeniach, drogach lub ogrodzeniach napis\u00f3w, plakat\u00f3w, reklam lub og\u0142osze\u0144 \u2013 bez zgody zarz\u0105dcy.<\/span><\/li>\n<li><span style=\"font-family: arial, helvetica, sans-serif; font-size: 14pt;\">Za\u0142atwiania potrzeb fizjologicznych poza miejscami do tego przeznaczonymi.<\/span><\/li>\n<li><span style=\"font-family: arial, helvetica, sans-serif; font-size: 14pt;\">Prowadzenia \u2013 bez posiadania stosownych uprawnie\u0144 \u2013 sprzeda\u017cy towar\u00f3w lub kart wst\u0119pu.<\/span><\/li>\n<li><span style=\"font-family: arial, helvetica, sans-serif; font-size: 14pt;\">Prowadzenia bez zezwolenia zbi\u00f3rek pieni\u0119\u017cnych.<\/span><\/li>\n<li><span style=\"font-family: arial, helvetica, sans-serif; font-size: 14pt;\">Niszczenia mienia oraz za\u015bmiecania terenu.<\/span><\/li>\n<li><span style=\"font-family: arial, helvetica, sans-serif; font-size: 14pt;\">Poruszania si\u0119 pojazdami mechanicznymi poza wyznaczonymi do tego celu drogami.<\/span><\/li>\n<li><span style=\"font-family: arial, helvetica, sans-serif; font-size: 14pt;\">Przebywania w miejscach niedozwolonych lub oznaczonych jako &#8222;Teren prywatny&#8221; lub &#8222;Wst\u0119p wzbroniony&#8221;.<\/span><\/li>\n<\/ol>\n<p><span style=\"font-family: arial, helvetica, sans-serif; font-size: 14pt;\"><strong>Organizacja imprez<\/strong><\/span><\/p>\n<ol>\n<li><span style=\"font-family: arial, helvetica, sans-serif; font-size: 14pt;\">Organizacja imprez masowych na terenie Stadionu wymaga zgody administratora oraz spe\u0142nienia wszelkich wymog\u00f3w prawnych przewidzianych dla tego typu wydarze\u0144.<\/span><\/li>\n<li><span style=\"font-family: arial, helvetica, sans-serif; font-size: 14pt;\">Organizator imprezy jest odpowiedzialny za zapewnienie bezpiecze\u0144stwa uczestnik\u00f3w oraz porz\u0105dku podczas trwania wydarzenia. Organizator wydarzenia ma pe\u0142n\u0105 odpowiedzialno\u015b\u0107 za prawid\u0142owe wykonanie tego obowi\u0105zku.<\/span><\/li>\n<li><span style=\"font-family: arial, helvetica, sans-serif; font-size: 14pt;\">Organizator imprezy ma obowi\u0105zek niezw\u0142ocznie podejmowa\u0107 dzia\u0142ania maj\u0105ce na celu usuni\u0119cie zagro\u017cenia \u017cycia lub zdrowia uczestnik\u00f3w imprezy, lub zapobie\u017cenie niszczenia mienia.<\/span><\/li>\n<li><span style=\"font-family: arial, helvetica, sans-serif; font-size: 14pt;\">Organizator ma obowi\u0105zek zapewnienia dro\u017cno\u015bci wej\u015b\u0107 na Stadion oraz dr\u00f3g na terenie Stadionu, w szczeg\u00f3lno\u015bci dr\u00f3g ewakuacyjnych.<\/span><\/li>\n<li><span style=\"font-family: arial, helvetica, sans-serif; font-size: 14pt;\">Organizator imprezy mo\u017ce wnie\u015b\u0107 na teren Stadionu i u\u017cywa\u0107 ogni sztucznych, rac, petard, \u015bwiec dymnych lub materia\u0142\u00f3w pirotechnicznych, je\u017celi wynika to z programu imprezy, posiada na to zgod\u0119 oraz je\u015bli umowa zawarta z zarz\u0105dc\u0105 zawiera postanowienia w tej sprawie.<\/span><\/li>\n<li><span style=\"font-family: arial, helvetica, sans-serif; font-size: 14pt;\">Sprzeda\u017c, podawanie i spo\u017cywanie napoj\u00f3w alkoholowych na terenie Stadionu mo\u017ce odbywa\u0107 si\u0119 podczas imprez tylko za zgod\u0105 administratora obiektu i tylko w miejscach do tego wyznaczonych.<\/span><\/li>\n<li><span style=\"font-family: arial, helvetica, sans-serif; font-size: 14pt;\">Po zako\u0144czeniu imprezy organizator jest zobowi\u0105zany do przywr\u00f3cenia terenu Stadionu do stanu pierwotnego.<\/span><\/li>\n<li><span style=\"font-family: arial, helvetica, sans-serif; font-size: 14pt;\">Przy organizowaniu imprez masowych wymagane s\u0105 stosowne pozwolenia.<\/span><\/li>\n<\/ol>\n<p><span style=\"font-family: arial, helvetica, sans-serif; font-size: 14pt;\"><strong>Postanowienia ko\u0144cowe<\/strong><\/span><\/p>\n<ol>\n<li><span style=\"font-family: arial, helvetica, sans-serif; font-size: 14pt;\">Osoby naruszaj\u0105ce postanowienia niniejszego regulaminu mog\u0105 zosta\u0107 poproszone o opuszczenie terenu Stadionu przez obs\u0142ug\u0119 lub s\u0142u\u017cby porz\u0105dkowe.<\/span><\/li>\n<li><span style=\"font-family: arial, helvetica, sans-serif; font-size: 14pt;\">Administrator nie ponosi odpowiedzialno\u015bci za rzeczy pozostawione na terenie obiektu.<\/span><\/li>\n<li><span style=\"font-family: arial, helvetica, sans-serif; font-size: 14pt;\">Administrator zastrzega sobie prawo do jednostronnego wprowadzenia zmian do Regulaminu Stadionu w ka\u017cdym czasie.<\/span><\/li>\n<li><span style=\"font-family: arial, helvetica, sans-serif; font-size: 14pt;\">Wszelkie skargi, wnioski i sugestie dotycz\u0105ce funkcjonowania Stadionu nale\u017cy kierowa\u0107 do biura O\u015brodka Sportu i Rekreacji w Dobrym Mie\u015bcie.<\/span><\/li>\n<\/ol>\n<p style=\"text-align: center;\">&nbsp;<\/p>\n","protected":false},"excerpt":{"rendered":"<p>Nowoczesny Stadion Miejski \u2013 miejsce dla sportu i pasji! Odnowiony Stadion Miejski to nowoczesna przestrze\u0144 dla sportowc\u00f3w i kibic\u00f3w. Nowa, wysokiej jako\u015bci murawa oraz bie\u017cnia lekkoatletyczna zapewniaj\u0105 doskona\u0142e warunki do trening\u00f3w i rozgrywek. Komfort widz\u00f3w gwarantuje zadaszona trybuna z niemal 400 miejscami siedz\u0105cymi, dzi\u0119ki czemu mo\u017cna \u015bledzi\u0107 sportowe emocje niezale\u017cnie [&hellip;]<\/p>\n","protected":false},"author":1,"featured_media":2080,"parent":0,"menu_order":3,"comment_status":"open","ping_status":"open","template":"","meta":{"ngg_post_thumbnail":0,"footnotes":""},"class_list":["post-2083","page","type-page","status-publish","has-post-thumbnail","hentry"],"_links":{"self":[{"href":"https:\/\/www.osir.dobremiasto.com.pl\/index.php\/wp-json\/wp\/v2\/pages\/2083"}],"collection":[{"href":"https:\/\/www.osir.dobremiasto.com.pl\/index.php\/wp-json\/wp\/v2\/pages"}],"about":[{"href":"https:\/\/www.osir.dobremiasto.com.pl\/index.php\/wp-json\/wp\/v2\/types\/page"}],"author":[{"embeddable":true,"href":"https:\/\/www.osir.dobremiasto.com.pl\/index.php\/wp-json\/wp\/v2\/users\/1"}],"replies":[{"embeddable":true,"href":"https:\/\/www.osir.dobremiasto.com.pl\/index.php\/wp-json\/wp\/v2\/comments?post=2083"}],"version-history":[{"count":4,"href":"https:\/\/www.osir.dobremiasto.com.pl\/index.php\/wp-json\/wp\/v2\/pages\/2083\/revisions"}],"predecessor-version":[{"id":4570,"href":"https:\/\/www.osir.dobremiasto.com.pl\/index.php\/wp-json\/wp\/v2\/pages\/2083\/revisions\/4570"}],"wp:featuredmedia":[{"embeddable":true,"href":"https:\/\/www.osir.dobremiasto.com.pl\/index.php\/wp-json\/wp\/v2\/media\/2080"}],"wp:attachment":[{"href":"https:\/\/www.osir.dobremiasto.com.pl\/index.php\/wp-json\/wp\/v2\/media?parent=2083"}],"curies":[{"name":"wp","href":"https:\/\/api.w.org\/{rel}","templated":true}]}}