{"id":2086,"date":"2015-03-18T20:53:28","date_gmt":"2015-03-18T20:53:28","guid":{"rendered":"http:\/\/www.osir.dobremiasto.com.pl\/index.php\/2015\/03\/18\/silownia-zewnetrzna\/"},"modified":"2025-03-11T10:47:02","modified_gmt":"2025-03-11T10:47:02","slug":"silownia-zewnetrzna","status":"publish","type":"page","link":"https:\/\/www.osir.dobremiasto.com.pl\/index.php\/silownia-zewnetrzna\/","title":{"rendered":"Si\u0142ownie zewn\u0119trzne"},"content":{"rendered":"<p style=\"text-align: center;\"><strong><span style=\"font-family: arial, helvetica, sans-serif; font-size: 18pt;\">Si\u0142ownie zewn\u0119trzne OSiR<\/span><\/strong><\/p>\n<p style=\"text-align: center;\"><span style=\"font-family: arial, helvetica, sans-serif; font-size: 14pt;\">Dobre Miasto przy ul. Garnizonowej 20 <\/span><\/p>\n<p style=\"text-align: center;\"><span style=\"font-family: arial, helvetica, sans-serif; font-size: 14pt;\">Dobre Miasto, Park Przyjaci\u00f3\u0142 Kultury przy ul. Zwyci\u0119stwa<\/span><\/p>\n<p style=\"text-align: center;\"><span style=\"font-family: arial, helvetica, sans-serif; font-size: 14pt;\">Dobre Miasto przy ul. \u0141u\u017cyckiej<\/span><\/p>\n<p style=\"text-align: center;\"><span style=\"font-family: arial, helvetica, sans-serif; font-size: 14pt;\">Dobre Miast przy ul. Grudzi\u0105dzkiej<\/span><\/p>\n<p style=\"text-align: center;\"><span style=\"font-family: arial, helvetica, sans-serif; font-size: 14pt;\">Dobre Miasto przy ul. Gen. Tadeusza Ko\u015bciuszki<\/span><\/p>\n<p style=\"text-align: center;\"><span style=\"font-family: arial, helvetica, sans-serif; font-size: 14pt;\">Smolajny<\/span><\/p>\n<p style=\"text-align: center;\"><span style=\"font-family: arial, helvetica, sans-serif; font-size: 14pt;\">Jesionowo<\/span><\/p>\n<p style=\"text-align: center;\"><img loading=\"lazy\" decoding=\"async\" class=\" size-full wp-image-2084\" src=\"http:\/\/www.osir.dobremiasto.com.pl\/wp-content\/uploads\/2015\/03\/sil_zew1.png\" alt=\"sil zew1\" width=\"600\" height=\"396\" srcset=\"https:\/\/www.osir.dobremiasto.com.pl\/wp-content\/uploads\/2015\/03\/sil_zew1.png 600w, https:\/\/www.osir.dobremiasto.com.pl\/wp-content\/uploads\/2015\/03\/sil_zew1-300x198.png 300w\" sizes=\"(max-width: 600px) 100vw, 600px\" \/><\/p>\n<p style=\"text-align: center;\"><img loading=\"lazy\" decoding=\"async\" class=\" size-full wp-image-2085\" src=\"http:\/\/www.osir.dobremiasto.com.pl\/wp-content\/uploads\/2015\/03\/sil_zew2.png\" alt=\"sil zew2\" width=\"600\" height=\"369\" srcset=\"https:\/\/www.osir.dobremiasto.com.pl\/wp-content\/uploads\/2015\/03\/sil_zew2.png 600w, https:\/\/www.osir.dobremiasto.com.pl\/wp-content\/uploads\/2015\/03\/sil_zew2-300x185.png 300w\" sizes=\"(max-width: 600px) 100vw, 600px\" \/><\/p>\n","protected":false},"excerpt":{"rendered":"<p>Si\u0142ownie zewn\u0119trzne OSiR Dobre Miasto przy ul. Garnizonowej 20 Dobre Miasto, Park Przyjaci\u00f3\u0142 Kultury przy ul. Zwyci\u0119stwa Dobre Miasto przy ul. \u0141u\u017cyckiej Dobre Miast przy ul. Grudzi\u0105dzkiej Dobre Miasto przy ul. Gen. Tadeusza Ko\u015bciuszki Smolajny Jesionowo<\/p>\n","protected":false},"author":1,"featured_media":2084,"parent":0,"menu_order":0,"comment_status":"open","ping_status":"open","template":"","meta":{"ngg_post_thumbnail":0,"footnotes":""},"class_list":["post-2086","page","type-page","status-publish","has-post-thumbnail","hentry"],"_links":{"self":[{"href":"https:\/\/www.osir.dobremiasto.com.pl\/index.php\/wp-json\/wp\/v2\/pages\/2086"}],"collection":[{"href":"https:\/\/www.osir.dobremiasto.com.pl\/index.php\/wp-json\/wp\/v2\/pages"}],"about":[{"href":"https:\/\/www.osir.dobremiasto.com.pl\/index.php\/wp-json\/wp\/v2\/types\/page"}],"author":[{"embeddable":true,"href":"https:\/\/www.osir.dobremiasto.com.pl\/index.php\/wp-json\/wp\/v2\/users\/1"}],"replies":[{"embeddable":true,"href":"https:\/\/www.osir.dobremiasto.com.pl\/index.php\/wp-json\/wp\/v2\/comments?post=2086"}],"version-history":[{"count":4,"href":"https:\/\/www.osir.dobremiasto.com.pl\/index.php\/wp-json\/wp\/v2\/pages\/2086\/revisions"}],"predecessor-version":[{"id":4552,"href":"https:\/\/www.osir.dobremiasto.com.pl\/index.php\/wp-json\/wp\/v2\/pages\/2086\/revisions\/4552"}],"wp:featuredmedia":[{"embeddable":true,"href":"https:\/\/www.osir.dobremiasto.com.pl\/index.php\/wp-json\/wp\/v2\/media\/2084"}],"wp:attachment":[{"href":"https:\/\/www.osir.dobremiasto.com.pl\/index.php\/wp-json\/wp\/v2\/media?parent=2086"}],"curies":[{"name":"wp","href":"https:\/\/api.w.org\/{rel}","templated":true}]}}