{"id":2148,"date":"2015-12-08T22:08:46","date_gmt":"2015-12-08T22:08:46","guid":{"rendered":"http:\/\/www.osir.dobremiasto.com.pl\/index.php\/2015\/12\/08\/przystanie-kajakowe\/"},"modified":"2025-03-10T12:30:11","modified_gmt":"2025-03-10T12:30:11","slug":"przystanie-kajakowe","status":"publish","type":"page","link":"https:\/\/www.osir.dobremiasto.com.pl\/index.php\/przystanie-kajakowe\/","title":{"rendered":"Przystanie Kajakowe"},"content":{"rendered":"<p style=\"text-align: justify;\"><span style=\"font-family: arial, helvetica, sans-serif; font-size: 14pt;\">Przystanie kajakowe powsta\u0142y dzi\u0119ki projektowi &#8222;Kajakiem po Warmii \u2014 budowa infrastruktury na szlaku \u0141yny&#8221;. By\u0142 on realizowany w latach 2009-2013. Ca\u0142o\u015b\u0107 inwestycji kosztowa\u0142a ponad 1,5 mln z\u0142, z czego blisko 1 mln to dofinansowanie ze \u015brodk\u00f3w Funduszu Rozwoju Regionalnego RPO. W ramach projektu wybudowano nad \u0141yn\u0105 9 przystani kajakowych.<\/span><\/p>\n<div style=\"left: 487.559px; top: 327.757px; font-size: 10.6667px; font-family: sans-serif; text-align: justify;\" data-canvas-width=\"40.11999999999999\"><span style=\"font-family: arial, helvetica, sans-serif; font-size: 14pt;\">Projekt ten zak\u0142ada\u0142 poszerzenie oraz popraw\u0119 jako\u015bci oferty turystycznej teren\u00f3w le\u017c\u0105cych przy rzecze \u0141ynie. W ramach projektu zagospodarowano przestrze\u0144 i uporz\u0105dkowano teren bezpo\u015brednio przyleg\u0142y do szlaku kajakowego \u0141yny (w wyznaczonych na stanice kajakowe miejscach):<\/span><\/div>\n<div style=\"left: 744.472px; top: 348.12px; font-size: 10.6667px; font-family: sans-serif; text-align: justify;\" data-canvas-width=\"25.631466666666668\"><span style=\"font-family: arial, helvetica, sans-serif; font-size: 14pt;\">\u2022 Powiat Lidzbarski \u2013 dwie przystanie, w miejscowo\u015bciach \u0141aniewo i Rog\u00f3\u017c;<\/span><\/div>\n<div style=\"left: 750.873px; top: 368.483px; font-size: 10.6667px; font-family: sans-serif; text-align: justify;\" data-canvas-width=\"56.78453333333333\"><span style=\"font-family: arial, helvetica, sans-serif; font-size: 14pt;\">\u2022 Gmina Bartoszyce \u2013 jedna przysta\u0144 w Bartoszycach, przy ul. Jagiello\u0144czyka;<\/span><\/div>\n<div style=\"left: 771.436px; top: 388.845px; font-size: 10.6667px; font-family: sans-serif; text-align: justify;\" data-canvas-width=\"27.063999999999997\"><span style=\"font-family: arial, helvetica, sans-serif; font-size: 14pt;\">\u2022 Gmina Dobre Miasto \u2013 trzy przystanie \u2013 Cerkiewnik, Smolajny oraz Dobre Miasto;<\/span><\/div>\n<div style=\"left: 819.336px; top: 409.208px; font-size: 10.6667px; font-family: sans-serif; text-align: justify;\" data-canvas-width=\"38.58773333333332\"><span style=\"font-family: arial, helvetica, sans-serif; font-size: 14pt;\">\u2022 Gmina Dywity \u2013 jedna przysta\u0144, na kanale pomi\u0119dzy rzek\u0105 \u0141yn\u0105 a jeziorem Mos\u0105g w Br\u0105swa\u0142dzie;<\/span><\/div>\n<div style=\"left: 798.709px; top: 429.571px; font-size: 10.6667px; font-family: sans-serif; text-align: justify;\" data-canvas-width=\"40.410133333333334\"><span style=\"font-family: arial, helvetica, sans-serif; font-size: 14pt;\">\u2022 Gmina Lidzbark Warmi\u0144ski &#8211; dwie przystanie, przy ul. Kalinowskiego oraz przy ul. Kopernika.<\/span><\/div>\n<div style=\"left: 798.709px; top: 429.571px; font-size: 10.6667px; font-family: sans-serif; text-align: justify;\" data-canvas-width=\"40.410133333333334\">&nbsp;<\/div>\n<div style=\"left: 798.709px; top: 429.571px; font-size: 10.6667px; font-family: sans-serif; text-align: justify;\" data-canvas-width=\"40.410133333333334\">\n<div style=\"left: 70.8667px; top: 1170.29px; font-size: 17.5px; font-family: sans-serif;\" data-canvas-width=\"836.4475000000002\"><span style=\"font-family: arial, helvetica, sans-serif; font-size: 14pt;\">\u0141yna jest najwi\u0119ksz\u0105 rzek\u0105 regionu i jedenast\u0105 pod wzgl\u0119dem d\u0142ugo\u015bci rzek\u0105 w Polsce. Jest to niezwykle interesuj\u0105cy szlak kajakowy biegn\u0105cy w otoczeniu unikalnej przyrody. G\u00f3rny bieg \u0141yny to wspania\u0142e lasy i jeziora oraz dwa prze\u0142omy pozwalaj\u0105ce zasmakowa\u0107 emocji typowych dla sp\u0142yw\u00f3w rzekami g\u00f3rskimi.<\/span><\/div>\n<div data-canvas-width=\"836.4475000000002\">&nbsp;<\/div>\n<\/div>\n<div style=\"left: 124.016px; top: 445.108px; font-size: 12.5px; font-family: sans-serif;\" data-canvas-width=\"374.673\"><span style=\"font-family: arial, helvetica, sans-serif; font-size: 14pt;\">Przysta\u0144 kajakowa na rzece \u0141yna w Dobrym Mie\u015bcie, przy ul. G\u00f3rnej, usytuowana w centrum Dobrego Miasta, le\u017cy na prawym brzegu rzeki, zach\u0119ca do zatrzymania si\u0119 na d\u0142u\u017cej i zwiedzenia miasta. Do dyspozycji kajakarzy s\u0105: dwie drewniane altany, dwa pomosty p\u0142ywaj\u0105ce, parking na cztery miejsca postojowe, toalety, kosze na \u015bmieci, stojaki na kajaki i rowery, trawnik (plac biwakowy), ci\u0105g pieszy wzd\u0142u\u017c nabrze\u017ca. Miejsce jest o\u015bwietlone.<\/span><\/div>\n<div data-canvas-width=\"374.673\">&nbsp;<\/div>\n<div style=\"left: 700.394px; top: 385.688px; font-size: 12.5px; font-family: sans-serif;\" data-canvas-width=\"374.93625\"><span style=\"font-family: arial, helvetica, sans-serif; font-size: 14pt;\">Przysta\u0144 kajakowa na rzece \u0141yna w Cerkiewniku, po\u0142o\u017cona na lewym brzegu rzeki, od p\u00f3\u0142nocy graniczy z mostem. Wyposa\u017cona w: drewnian\u0105 altan\u0119, pomost p\u0142ywaj\u0105cy, toalety, kosze na \u015bmieci, drewniane stojaki na kajaki, plac do biwakowania, parking na pi\u0119\u0107 miejsc postojowych.<\/span><\/div>\n","protected":false},"excerpt":{"rendered":"<p>Przystanie kajakowe powsta\u0142y dzi\u0119ki projektowi &#8222;Kajakiem po Warmii \u2014 budowa infrastruktury na szlaku \u0141yny&#8221;. By\u0142 on realizowany w latach 2009-2013. Ca\u0142o\u015b\u0107 inwestycji kosztowa\u0142a ponad 1,5 mln z\u0142, z czego blisko 1 mln to dofinansowanie ze \u015brodk\u00f3w Funduszu Rozwoju Regionalnego RPO. W ramach projektu wybudowano nad \u0141yn\u0105 9 przystani kajakowych. Projekt [&hellip;]<\/p>\n","protected":false},"author":1,"featured_media":0,"parent":0,"menu_order":7,"comment_status":"open","ping_status":"open","template":"","meta":{"ngg_post_thumbnail":0,"footnotes":""},"class_list":["post-2148","page","type-page","status-publish","hentry"],"_links":{"self":[{"href":"https:\/\/www.osir.dobremiasto.com.pl\/index.php\/wp-json\/wp\/v2\/pages\/2148"}],"collection":[{"href":"https:\/\/www.osir.dobremiasto.com.pl\/index.php\/wp-json\/wp\/v2\/pages"}],"about":[{"href":"https:\/\/www.osir.dobremiasto.com.pl\/index.php\/wp-json\/wp\/v2\/types\/page"}],"author":[{"embeddable":true,"href":"https:\/\/www.osir.dobremiasto.com.pl\/index.php\/wp-json\/wp\/v2\/users\/1"}],"replies":[{"embeddable":true,"href":"https:\/\/www.osir.dobremiasto.com.pl\/index.php\/wp-json\/wp\/v2\/comments?post=2148"}],"version-history":[{"count":4,"href":"https:\/\/www.osir.dobremiasto.com.pl\/index.php\/wp-json\/wp\/v2\/pages\/2148\/revisions"}],"predecessor-version":[{"id":4476,"href":"https:\/\/www.osir.dobremiasto.com.pl\/index.php\/wp-json\/wp\/v2\/pages\/2148\/revisions\/4476"}],"wp:attachment":[{"href":"https:\/\/www.osir.dobremiasto.com.pl\/index.php\/wp-json\/wp\/v2\/media?parent=2148"}],"curies":[{"name":"wp","href":"https:\/\/api.w.org\/{rel}","templated":true}]}}