{"id":2236,"date":"2017-03-15T11:54:15","date_gmt":"2017-03-15T11:54:15","guid":{"rendered":"http:\/\/www.osir.dobremiasto.com.pl\/index.php\/2017\/03\/15\/biuro-2\/"},"modified":"2025-03-10T12:29:15","modified_gmt":"2025-03-10T12:29:15","slug":"biuro-2","status":"publish","type":"page","link":"https:\/\/www.osir.dobremiasto.com.pl\/index.php\/biuro-2\/","title":{"rendered":"Biuro"},"content":{"rendered":"<p style=\"text-align: center;\"><span style=\"font-family: arial, helvetica, sans-serif; font-size: 24pt; text-decoration: underline;\"><strong>D Y R E K T O R<\/strong><\/span><\/p>\n<p>&nbsp;<\/p>\n<p style=\"text-align: center;\"><span style=\"font-family: arial, helvetica, sans-serif; font-size: 18pt;\"><strong>JULITA ZADWORNA<\/strong><\/span><\/p>\n<p style=\"text-align: center;\"><span style=\"font-family: arial, helvetica, sans-serif; font-size: 18pt;\">tel. 515 287 797<\/span><\/p>\n<p style=\"text-align: center;\"><span style=\"font-family: arial, helvetica, sans-serif; font-size: 18pt;\"><em>e-mail: dyrektor.osir@dobremiasto.com.pl<\/em><\/span><\/p>\n<p style=\"text-align: center;\">&nbsp;<\/p>\n<p style=\"text-align: left;\"><span style=\"font-family: arial, helvetica, sans-serif; font-size: 12pt;\"><strong>&nbsp;<\/strong><\/span><\/p>\n<p style=\"text-align: center;\"><span style=\"color: #000000; font-family: arial, helvetica, sans-serif; font-size: 18pt; text-decoration: underline;\"><strong>O\u015aRODEK SPORTU I REKREACJI<\/strong><\/span><\/p>\n<p style=\"text-align: center;\"><span style=\"color: #000000; font-family: arial, helvetica, sans-serif;\"><em><span style=\"font-size: 18pt;\">11-040 Dobre Miasto<\/span><\/em><\/span><\/p>\n<p style=\"text-align: center;\"><span style=\"color: #000000; font-family: arial, helvetica, sans-serif;\"><em><span style=\"font-size: 18pt;\">ul. Garnizonowa 18<\/span><\/em><\/span><\/p>\n<p style=\"text-align: center;\"><span style=\"font-family: arial, helvetica, sans-serif; font-size: 18pt;\"><strong>Tel. 89 615 13 03<\/strong> <\/span><\/p>\n<p style=\"text-align: center;\"><span style=\"font-family: arial, helvetica, sans-serif; font-size: 18pt;\"><em>e-mail: osir@dobremiasto.com.pl<\/em><\/span><\/p>\n<p style=\"text-align: center;\"><span style=\"font-family: arial, helvetica, sans-serif; font-size: 18pt;\"><strong>Biuro OSiR w Dobrym Mie\u015bcie czynne jest od Poniedzia\u0142ku do Pi\u0105tku <\/strong><\/span><\/p>\n<p style=\"text-align: center;\"><span style=\"font-family: arial, helvetica, sans-serif; font-size: 18pt;\"><strong>w godzinach od 09:00 do 17:00<\/strong><\/span><\/p>\n","protected":false},"excerpt":{"rendered":"<p>D Y R E K T O R &nbsp; JULITA ZADWORNA tel. 515 287 797 e-mail: dyrektor.osir@dobremiasto.com.pl &nbsp; &nbsp; O\u015aRODEK SPORTU I REKREACJI 11-040 Dobre Miasto ul. Garnizonowa 18 Tel. 89 615 13 03 e-mail: osir@dobremiasto.com.pl Biuro OSiR w Dobrym Mie\u015bcie czynne jest od Poniedzia\u0142ku do Pi\u0105tku w godzinach od [&hellip;]<\/p>\n","protected":false},"author":1,"featured_media":0,"parent":0,"menu_order":10,"comment_status":"open","ping_status":"open","template":"","meta":{"ngg_post_thumbnail":0,"footnotes":""},"class_list":["post-2236","page","type-page","status-publish","hentry"],"_links":{"self":[{"href":"https:\/\/www.osir.dobremiasto.com.pl\/index.php\/wp-json\/wp\/v2\/pages\/2236"}],"collection":[{"href":"https:\/\/www.osir.dobremiasto.com.pl\/index.php\/wp-json\/wp\/v2\/pages"}],"about":[{"href":"https:\/\/www.osir.dobremiasto.com.pl\/index.php\/wp-json\/wp\/v2\/types\/page"}],"author":[{"embeddable":true,"href":"https:\/\/www.osir.dobremiasto.com.pl\/index.php\/wp-json\/wp\/v2\/users\/1"}],"replies":[{"embeddable":true,"href":"https:\/\/www.osir.dobremiasto.com.pl\/index.php\/wp-json\/wp\/v2\/comments?post=2236"}],"version-history":[{"count":5,"href":"https:\/\/www.osir.dobremiasto.com.pl\/index.php\/wp-json\/wp\/v2\/pages\/2236\/revisions"}],"predecessor-version":[{"id":4474,"href":"https:\/\/www.osir.dobremiasto.com.pl\/index.php\/wp-json\/wp\/v2\/pages\/2236\/revisions\/4474"}],"wp:attachment":[{"href":"https:\/\/www.osir.dobremiasto.com.pl\/index.php\/wp-json\/wp\/v2\/media?parent=2236"}],"curies":[{"name":"wp","href":"https:\/\/api.w.org\/{rel}","templated":true}]}}