{"id":2257,"date":"2017-04-14T21:14:51","date_gmt":"2017-04-14T21:14:51","guid":{"rendered":"http:\/\/www.osir.dobremiasto.com.pl\/index.php\/2017\/04\/14\/plaza-miejska-menu\/"},"modified":"2025-06-20T11:37:10","modified_gmt":"2025-06-20T11:37:10","slug":"plaza-miejska-menu","status":"publish","type":"page","link":"https:\/\/www.osir.dobremiasto.com.pl\/index.php\/plaza-miejska-menu\/","title":{"rendered":"Pla\u017ca Miejska i O\u015brodek Wypoczynkowy w miejscowo\u015bci Swobodna"},"content":{"rendered":"<p style=\"text-align: center;\" data-start=\"0\" data-end=\"245\"><span style=\"font-size: 14pt; font-family: arial, helvetica, sans-serif;\"><strong>O\u015brodek Wypoczynkowy<\/strong> nad Jeziorem Limajno to idealne miejsce na relaks i aktywny wypoczynek w otoczeniu natury. Szum wody, zapach lasu i czyste powietrze tworz\u0105 wyj\u0105tkow\u0105 atmosfer\u0119, kt\u00f3ra pozwala oderwa\u0107 si\u0119 od codzienno\u015bci i cieszy\u0107 spokojem.<\/span><\/p>\n<p style=\"text-align: center;\" data-start=\"247\" data-end=\"476\"><span style=\"font-size: 14pt; font-family: arial, helvetica, sans-serif;\">Nasze domki letniskowe zapewniaj\u0105 komfortowy pobyt, a liczne atrakcje \u2013 w tym boiska do pi\u0142ki pla\u017cowej, wiaty do grillowania oraz mo\u017cliwo\u015b\u0107 wynaj\u0119cia sprz\u0119tu wodnego i rower\u00f3w turystycznych \u2013 gwarantuj\u0105 aktywne sp\u0119dzenie czasu.<\/span><\/p>\n<p style=\"text-align: center;\" data-start=\"478\" data-end=\"639\"><span style=\"font-size: 14pt; font-family: arial, helvetica, sans-serif;\">Blisko\u015b\u0107 Dobrego Miasta (zaledwie 10 minut jazdy) pozwala na wygodny dost\u0119p do wszelkich udogodnie\u0144, a jednocze\u015bnie nasz o\u015brodek pozostaje oaz\u0105 ciszy i natury.<\/span><\/p>\n<p style=\"text-align: center;\" data-start=\"641\" data-end=\"782\" data-is-last-node=\"\" data-is-only-node=\"\"><span style=\"font-size: 14pt; font-family: arial, helvetica, sans-serif;\">Zapraszamy do rezerwacji! Skontaktuj si\u0119 z nami, aby ustali\u0107 szczeg\u00f3\u0142y pobytu i cieszy\u0107 si\u0119 niezapomnianym czasem nad Jeziorem Limajno.<\/span><\/p>\n<p style=\"text-align: center;\"><span style=\"font-family: arial, helvetica, sans-serif; font-size: 12pt; color: #000000;\">&nbsp;<strong><span style=\"font-size: 14pt;\">Na terenie o\u015brodka znajduj\u0105 si\u0119:<\/span><\/strong><\/span><\/p>\n<p style=\"text-align: center;\"><span style=\"font-size: 14pt; font-family: arial, helvetica, sans-serif;\">pla\u017ca miejska<\/span><\/p>\n<p style=\"text-align: center;\"><span style=\"font-family: arial, helvetica, sans-serif; font-size: 14pt;\">domki letniskowe<\/span><\/p>\n<p style=\"text-align: center;\"><span style=\"font-size: 14pt; font-family: arial, helvetica, sans-serif;\">miejsce dla kamper\u00f3w<\/span><\/p>\n<p style=\"text-align: center;\"><span style=\"font-size: 14pt; font-family: arial, helvetica, sans-serif;\">miejsce dla rower\u00f3w<\/span><\/p>\n<p style=\"text-align: center;\"><span style=\"font-size: 14pt; font-family: arial, helvetica, sans-serif;\">wypo\u017cyczalnia sprz\u0119tu wodnego &#8211; kajaki, rowery wodne, SUPy<\/span><\/p>\n<p style=\"text-align: center;\"><span style=\"font-size: 14pt; font-family: arial, helvetica, sans-serif;\">boiska do siatk\u00f3wki pla\u017cowej<\/span><\/p>\n<p style=\"text-align: center;\"><span style=\"font-size: 14pt; font-family: arial, helvetica, sans-serif;\">wiaty z \u0142awkami <\/span><\/p>\n<p style=\"text-align: center;\"><span style=\"font-size: 14pt; font-family: arial, helvetica, sans-serif;\">place zabaw<\/span><\/p>\n<p style=\"text-align: center;\"><span style=\"font-size: 14pt; font-family: arial, helvetica, sans-serif;\">przebieralnie<\/span><\/p>\n<p style=\"text-align: center;\"><span style=\"font-size: 14pt; font-family: arial, helvetica, sans-serif;\">\u015bcie\u017cki spacerowe z \u0142aweczkami<\/span><\/p>\n<p style=\"text-align: center;\"><span style=\"font-size: 14pt; font-family: arial, helvetica, sans-serif;\">bezp\u0142atny parking<\/span><\/p>\n<p style=\"text-align: center;\"><span style=\"font-size: 14pt; font-family: arial, helvetica, sans-serif;\">restauracja<\/span><\/p>\n<p style=\"text-align: center;\">&nbsp;<\/p>\n<p style=\"text-align: center;\"><img loading=\"lazy\" decoding=\"async\" class=\"aligncenter wp-image-4822\" src=\"http:\/\/www.osir.dobremiasto.com.pl\/wp-content\/uploads\/2025\/06\/Projekt-bez-nazwy2-300x240.png\" alt=\"\" width=\"812\" height=\"650\" srcset=\"https:\/\/www.osir.dobremiasto.com.pl\/wp-content\/uploads\/2025\/06\/Projekt-bez-nazwy2-300x240.png 300w, https:\/\/www.osir.dobremiasto.com.pl\/wp-content\/uploads\/2025\/06\/Projekt-bez-nazwy2-1024x819.png 1024w, https:\/\/www.osir.dobremiasto.com.pl\/wp-content\/uploads\/2025\/06\/Projekt-bez-nazwy2-768x614.png 768w, https:\/\/www.osir.dobremiasto.com.pl\/wp-content\/uploads\/2025\/06\/Projekt-bez-nazwy2-1536x1229.png 1536w, https:\/\/www.osir.dobremiasto.com.pl\/wp-content\/uploads\/2025\/06\/Projekt-bez-nazwy2.png 2000w\" sizes=\"(max-width: 812px) 100vw, 812px\" \/> <img loading=\"lazy\" decoding=\"async\" class=\"aligncenter wp-image-4823\" src=\"http:\/\/www.osir.dobremiasto.com.pl\/wp-content\/uploads\/2025\/06\/Projekt-bez-nazwy3-300x240.png\" alt=\"\" width=\"784\" height=\"627\" srcset=\"https:\/\/www.osir.dobremiasto.com.pl\/wp-content\/uploads\/2025\/06\/Projekt-bez-nazwy3-300x240.png 300w, https:\/\/www.osir.dobremiasto.com.pl\/wp-content\/uploads\/2025\/06\/Projekt-bez-nazwy3-1024x819.png 1024w, https:\/\/www.osir.dobremiasto.com.pl\/wp-content\/uploads\/2025\/06\/Projekt-bez-nazwy3-768x614.png 768w, https:\/\/www.osir.dobremiasto.com.pl\/wp-content\/uploads\/2025\/06\/Projekt-bez-nazwy3-1536x1229.png 1536w, https:\/\/www.osir.dobremiasto.com.pl\/wp-content\/uploads\/2025\/06\/Projekt-bez-nazwy3.png 2000w\" sizes=\"(max-width: 784px) 100vw, 784px\" \/> <img loading=\"lazy\" decoding=\"async\" class=\"aligncenter wp-image-4824\" src=\"http:\/\/www.osir.dobremiasto.com.pl\/wp-content\/uploads\/2025\/06\/Projekt-bez-nazwy4-300x240.png\" alt=\"\" width=\"781\" height=\"625\" srcset=\"https:\/\/www.osir.dobremiasto.com.pl\/wp-content\/uploads\/2025\/06\/Projekt-bez-nazwy4-300x240.png 300w, https:\/\/www.osir.dobremiasto.com.pl\/wp-content\/uploads\/2025\/06\/Projekt-bez-nazwy4-1024x819.png 1024w, https:\/\/www.osir.dobremiasto.com.pl\/wp-content\/uploads\/2025\/06\/Projekt-bez-nazwy4-768x614.png 768w, https:\/\/www.osir.dobremiasto.com.pl\/wp-content\/uploads\/2025\/06\/Projekt-bez-nazwy4-1536x1229.png 1536w, https:\/\/www.osir.dobremiasto.com.pl\/wp-content\/uploads\/2025\/06\/Projekt-bez-nazwy4.png 2000w\" sizes=\"(max-width: 781px) 100vw, 781px\" \/><\/p>\n<p style=\"text-align: center;\">&nbsp;<\/p>\n<p style=\"text-align: center;\"><span style=\"color: #3366ff; font-family: arial, helvetica, sans-serif;\"><strong><span style=\"font-size: 18pt;\">CENNIK SWOBODNA 2025<\/span><\/strong><\/span><\/p>\n<p>&nbsp;<\/p>\n<p style=\"text-align: center;\" align=\"center\"><span style=\"font-size: large; font-family: arial, helvetica, sans-serif;\"><b>O\u015aRODEK WCZASOWY W SWOBODNEJ<\/b><\/span><\/p>\n<p style=\"text-align: center;\" align=\"center\"><span style=\"font-size: 18pt; font-family: arial, helvetica, sans-serif;\"><strong>CENNIK WYNAJMU DOMK\u00d3W<\/strong><\/span><\/p>\n<p style=\"text-align: center;\" align=\"left\"><span style=\"font-size: large; font-family: arial, helvetica, sans-serif;\">&#8211; 2 OSOBOWE \u2013 160 Z\u0141 ZA DOB\u0118<\/span><\/p>\n<p style=\"text-align: center;\" align=\"left\"><span style=\"font-size: large; font-family: arial, helvetica, sans-serif;\">&#8211; 4 OSOBOWE &#8211; 200 Z\u0141 ZA DOB\u0118<\/span><\/p>\n<p style=\"text-align: center;\" align=\"left\"><span style=\"font-size: large; font-family: arial, helvetica, sans-serif;\">POBYT ZWIERZ\u0104T &#8211; 30 Z\u0141 ZA DOB\u0118<\/span><\/p>\n<p align=\"left\">&nbsp;<\/p>\n<p style=\"text-align: center;\" align=\"left\"><span style=\"font-family: arial, helvetica, sans-serif;\"><strong><span style=\"font-size: 18pt; color: #000000;\">CENNIK WYNAJMU SPRZ\u0118TU P\u0141YWAJ\u0104CEGO<\/span><\/strong><\/span><\/p>\n<p style=\"text-align: center;\" align=\"left\"><span style=\"font-size: large; font-family: arial, helvetica, sans-serif;\"><b>ROWERY WODNE<\/b> PELIKAN \u2013 20 Z\u0141 ZA GODZIN\u0118<\/span><\/p>\n<p style=\"text-align: center;\" align=\"left\"><span style=\"font-size: large; font-family: arial, helvetica, sans-serif;\"><b>KAJAK<\/b> \u2013 15 Z\u0141 ZA GODZIN\u0118<\/span><\/p>\n<p style=\"text-align: center;\" align=\"left\"><span style=\"font-family: arial, helvetica, sans-serif;\"><strong><span style=\"font-size: 14pt;\">DESKA SUP<\/span><\/strong> \u2013 30 Z\u0141 ZA GODZIN\u0118\/130 Z\u0141 ZA DZIE\u0143<\/span><\/p>\n<p style=\"text-align: center;\" align=\"left\"><span style=\"font-size: 10pt; font-family: arial, helvetica, sans-serif;\">*PRZEKROCZENIE CZASU WYNAJ\u0118CIA SPRZ\u0118TU O 10 MINUT, POWODUJE NALICZENIE NALE\u017bNO\u015aCI ZA KOLEJN\u0104 GODZIN\u0118.<\/span><\/p>\n<p style=\"text-align: center;\" align=\"left\"><span style=\"font-size: 18pt; font-family: arial, helvetica, sans-serif;\"><strong>DODATKOWE INFORMACJE, US\u0141UGI I RABATY:<\/strong><\/span><\/p>\n<p style=\"text-align: center;\" align=\"left\"><span style=\"font-size: 14pt; font-family: arial, helvetica, sans-serif;\">WYNAJEM MIEJSCA DLA KAMPERA &#8211; 30 Z\u0141\/DOBA<\/span><\/p>\n<p style=\"text-align: center;\" align=\"left\"><span style=\"font-size: 14pt; font-family: arial, helvetica, sans-serif;\">WYNAJEM DOMK\u00d3W MIN. NA 2 DOBY<\/span><\/p>\n<p style=\"text-align: center;\" align=\"left\"><span style=\"font-size: 14pt; font-family: arial, helvetica, sans-serif;\">WYNAJEM DOMKU POWY\u017bEJ 7 DNI &#8211; 5% RABATU<\/span><\/p>\n<p style=\"text-align: center;\" align=\"left\"><span style=\"font-size: 14pt; font-family: arial, helvetica, sans-serif;\">WYNAJEM DOMKU NA D\u0141U\u017bEJ NI\u017b 14 DNI &#8211; 10% RABATU<\/span><\/p>\n<p align=\"left\">&nbsp;<\/p>\n<p style=\"text-align: center;\" align=\"left\"><span style=\"font-size: 18pt;\">Recepcja czynna od 28 czerwca do 31 sierpnia 2025 w godzinach 10:00-18:00<\/span><\/p>\n<p style=\"text-align: center;\"><span style=\"font-size: 18pt;\"><strong>tel. 663-949-563<\/strong><\/span><\/p>\n","protected":false},"excerpt":{"rendered":"<p>O\u015brodek Wypoczynkowy nad Jeziorem Limajno to idealne miejsce na relaks i aktywny wypoczynek w otoczeniu natury. Szum wody, zapach lasu i czyste powietrze tworz\u0105 wyj\u0105tkow\u0105 atmosfer\u0119, kt\u00f3ra pozwala oderwa\u0107 si\u0119 od codzienno\u015bci i cieszy\u0107 spokojem. Nasze domki letniskowe zapewniaj\u0105 komfortowy pobyt, a liczne atrakcje \u2013 w tym boiska do pi\u0142ki [&hellip;]<\/p>\n","protected":false},"author":1,"featured_media":0,"parent":0,"menu_order":32,"comment_status":"open","ping_status":"open","template":"","meta":{"ngg_post_thumbnail":0,"footnotes":""},"class_list":["post-2257","page","type-page","status-publish","hentry"],"_links":{"self":[{"href":"https:\/\/www.osir.dobremiasto.com.pl\/index.php\/wp-json\/wp\/v2\/pages\/2257"}],"collection":[{"href":"https:\/\/www.osir.dobremiasto.com.pl\/index.php\/wp-json\/wp\/v2\/pages"}],"about":[{"href":"https:\/\/www.osir.dobremiasto.com.pl\/index.php\/wp-json\/wp\/v2\/types\/page"}],"author":[{"embeddable":true,"href":"https:\/\/www.osir.dobremiasto.com.pl\/index.php\/wp-json\/wp\/v2\/users\/1"}],"replies":[{"embeddable":true,"href":"https:\/\/www.osir.dobremiasto.com.pl\/index.php\/wp-json\/wp\/v2\/comments?post=2257"}],"version-history":[{"count":21,"href":"https:\/\/www.osir.dobremiasto.com.pl\/index.php\/wp-json\/wp\/v2\/pages\/2257\/revisions"}],"predecessor-version":[{"id":4861,"href":"https:\/\/www.osir.dobremiasto.com.pl\/index.php\/wp-json\/wp\/v2\/pages\/2257\/revisions\/4861"}],"wp:attachment":[{"href":"https:\/\/www.osir.dobremiasto.com.pl\/index.php\/wp-json\/wp\/v2\/media?parent=2257"}],"curies":[{"name":"wp","href":"https:\/\/api.w.org\/{rel}","templated":true}]}}