{"id":3901,"date":"2022-08-02T06:06:57","date_gmt":"2022-08-02T06:06:57","guid":{"rendered":"http:\/\/www.osir.dobremiasto.com.pl\/?page_id=3901"},"modified":"2022-10-24T10:42:02","modified_gmt":"2022-10-24T10:42:02","slug":"ocene-stanu-wody","status":"publish","type":"page","link":"https:\/\/www.osir.dobremiasto.com.pl\/index.php\/ocene-stanu-wody\/","title":{"rendered":"OCENA STANU WODY"},"content":{"rendered":"<p><a href=\"http:\/\/www.osir.dobremiasto.com.pl\/wp-content\/uploads\/2022\/08\/ocena-biezaca-jakosci-wody-w-kapielisku-1.pdf\">ocena bie\u017c\u0105ca jako\u015bci wody w k\u0105pielisku<\/a><\/p>\n","protected":false},"excerpt":{"rendered":"<p>ocena bie\u017c\u0105ca jako\u015bci wody w k\u0105pielisku<\/p>\n","protected":false},"author":1,"featured_media":0,"parent":0,"menu_order":0,"comment_status":"closed","ping_status":"closed","template":"","meta":{"ngg_post_thumbnail":0,"footnotes":""},"class_list":["post-3901","page","type-page","status-publish","hentry"],"_links":{"self":[{"href":"https:\/\/www.osir.dobremiasto.com.pl\/index.php\/wp-json\/wp\/v2\/pages\/3901"}],"collection":[{"href":"https:\/\/www.osir.dobremiasto.com.pl\/index.php\/wp-json\/wp\/v2\/pages"}],"about":[{"href":"https:\/\/www.osir.dobremiasto.com.pl\/index.php\/wp-json\/wp\/v2\/types\/page"}],"author":[{"embeddable":true,"href":"https:\/\/www.osir.dobremiasto.com.pl\/index.php\/wp-json\/wp\/v2\/users\/1"}],"replies":[{"embeddable":true,"href":"https:\/\/www.osir.dobremiasto.com.pl\/index.php\/wp-json\/wp\/v2\/comments?post=3901"}],"version-history":[{"count":2,"href":"https:\/\/www.osir.dobremiasto.com.pl\/index.php\/wp-json\/wp\/v2\/pages\/3901\/revisions"}],"predecessor-version":[{"id":3960,"href":"https:\/\/www.osir.dobremiasto.com.pl\/index.php\/wp-json\/wp\/v2\/pages\/3901\/revisions\/3960"}],"wp:attachment":[{"href":"https:\/\/www.osir.dobremiasto.com.pl\/index.php\/wp-json\/wp\/v2\/media?parent=3901"}],"curies":[{"name":"wp","href":"https:\/\/api.w.org\/{rel}","templated":true}]}}