{"id":4959,"date":"2025-11-04T09:32:42","date_gmt":"2025-11-04T09:32:42","guid":{"rendered":"https:\/\/www.osir.dobremiasto.com.pl\/?page_id=4959"},"modified":"2025-12-09T10:44:11","modified_gmt":"2025-12-09T10:44:11","slug":"lodowisko-czynne-od-6-grudnia-2025","status":"publish","type":"page","link":"https:\/\/www.osir.dobremiasto.com.pl\/index.php\/lodowisko-czynne-od-6-grudnia-2025\/","title":{"rendered":"Lodowisko"},"content":{"rendered":"<p style=\"text-align: center;\" data-start=\"290\" data-end=\"587\"><span style=\"font-family: arial, helvetica, sans-serif; font-size: 24pt;\">Z ogromn\u0105 rado\u015bci\u0105 informujemy, \u017ce od <span style=\"color: #ff0000;\"><strong data-start=\"328\" data-end=\"341\">6 grudnia<\/strong><\/span> w <span style=\"color: #333399;\"><strong data-start=\"344\" data-end=\"391\">O\u015brodku Sportu i Rekreacji w Dobrym Mie\u015bcie<\/strong><\/span> ruszy\u0142 sezon zimowych atrakcji! <\/span><\/p>\n<p style=\"text-align: center;\" data-start=\"290\" data-end=\"587\"><span style=\"font-family: arial, helvetica, sans-serif;\">Serdecznie zapraszamy wszystkich mi\u0142o\u015bnik\u00f3w aktywnego wypoczynku na <strong data-start=\"491\" data-end=\"536\">romantyczne, pi\u0119knie o\u015bwietlone nowoczesne lodowisko o wymiarach 20&nbsp; x 30 metr\u00f3w<\/strong>, kt\u00f3re znajdziecie <strong data-start=\"556\" data-end=\"584\">przy ul. Garnizonowej 18<\/strong>. To doskona\u0142e miejsce do aktywnego wypoczynku w zimowej atmosferze.&nbsp;<\/span><\/p>\n<p style=\"text-align: center;\" data-start=\"589\" data-end=\"1160\"><span style=\"font-family: arial, helvetica, sans-serif;\">To w\u0142a\u015bnie tutaj czeka na Was prawdziwa zimowa przygoda! Tafla lodu o wymiarach <strong data-start=\"669\" data-end=\"688\">15 na 30 metr\u00f3w<\/strong> zapewnia przestrze\u0144 do jazdy zar\u00f3wno dla pocz\u0105tkuj\u0105cych, jak i zaawansowanych \u0142y\u017cwiarzy. Na miejscu mo\u017cna b\u0119dzie wypo\u017cyczy\u0107 <strong data-start=\"806\" data-end=\"815\">\u0142y\u017cwy<\/strong>, a dla najm\u0142odszych przygotowali\u015bmy <strong data-start=\"852\" data-end=\"879\">chodziki do nauki jazdy<\/strong> \u2013 urocze <strong data-start=\"889\" data-end=\"909\">delfinki i misie<\/strong>, kt\u00f3re pomog\u0105 stawia\u0107 pierwsze kroki na lodzie. Nie zapomnieli\u015bmy r\u00f3wnie\u017c o <strong data-start=\"988\" data-end=\"1010\">kaskach ochronnych<\/strong>, dzi\u0119ki kt\u00f3rym zabawa b\u0119dzie nie tylko przyjemna, ale i bezpieczna. Nad wszystkim czuwa\u0107 b\u0119dzie nasza <strong data-start=\"1103\" data-end=\"1132\">fachowa, \u017cyczliwa obs\u0142uga<\/strong>, zawsze gotowa do pomocy.<\/span><\/p>\n<p style=\"text-align: center;\" data-start=\"1162\" data-end=\"1424\"><span style=\"font-family: arial, helvetica, sans-serif;\">Wieczorem lodowisko zamienia si\u0119 w prawdziw\u0105 bajkow\u0105 sceneri\u0119 \u2013 <strong data-start=\"1226\" data-end=\"1304\">\u015bwiat\u0142a odbijaj\u0105ce si\u0119 od tafli lodu stworz\u0105 magiczny klimat niczym z filmu<\/strong>! A gdy do tego do\u0142o\u017cymy \u015bmiech, muzyk\u0119 i radosn\u0105 atmosfer\u0119, powstanie idealny przepis na zimowy relaks w dobrym stylu.<\/span><\/p>\n<p style=\"text-align: center;\" data-start=\"321\" data-end=\"828\"><span style=\"font-family: arial, helvetica, sans-serif;\">Obiekt jest przystosowany zar\u00f3wno do rekreacyjnej jazdy, jak i do organizacji zaj\u0119\u0107 dla szk\u00f3\u0142 czy grup zorganizowanych.<\/span><\/p>\n<p data-start=\"321\" data-end=\"828\">&nbsp;<\/p>\n<hr data-start=\"830\" data-end=\"833\">\n<h3 style=\"text-align: left;\" data-start=\"835\" data-end=\"862\"><span style=\"font-family: arial, helvetica, sans-serif;\">\ud83d\udd53 <strong data-start=\"842\" data-end=\"862\">Godziny otwarcia<\/strong><\/span><\/h3>\n<ul style=\"text-align: left;\" data-start=\"863\" data-end=\"1052\">\n<li style=\"text-align: left;\" data-start=\"863\" data-end=\"907\">\n<p data-start=\"865\" data-end=\"907\"><span style=\"font-family: arial, helvetica, sans-serif;\"><strong data-start=\"865\" data-end=\"891\">Poniedzia\u0142ek \u2013 Pi\u0105tek:<\/strong> 14:00 \u2013 20:00<\/span><\/p>\n<\/li>\n<li style=\"text-align: left;\" data-start=\"908\" data-end=\"1052\">\n<p data-start=\"910\" data-end=\"1052\"><span style=\"font-family: arial, helvetica, sans-serif;\"><strong data-start=\"910\" data-end=\"952\">Sobota \u2013 Niedziela, ferie i dni wolne:<\/strong> 12:00 \u2013 20:00<\/span><br data-start=\"966\" data-end=\"969\"><span style=\"font-family: arial, helvetica, sans-serif;\"><em data-start=\"969\" data-end=\"1052\">(W przypadku imprez, rezerwacji lub konserwacji tafli godziny mog\u0105 ulec zmianie.)<\/em><\/span><\/p>\n<\/li>\n<li style=\"text-align: left;\" data-start=\"908\" data-end=\"1052\">\n<p data-start=\"910\" data-end=\"1052\"><span style=\"font-family: arial, helvetica, sans-serif;\"><strong><span class=\"a_GcMg font-feature-liga-off font-feature-clig-off font-feature-calt-off text-decoration-none text-strikethrough-none\">Grupy zorganizowane <\/span><\/strong><span class=\"a_GcMg font-feature-liga-off font-feature-clig-off font-feature-calt-off text-decoration-none text-strikethrough-none\">poniedzia\u0142ek &#8211; pi\u0105tek <\/span><\/span><span class=\"a_GcMg font-feature-liga-off font-feature-clig-off font-feature-calt-off text-decoration-none text-strikethrough-none\" style=\"font-family: arial, helvetica, sans-serif;\">od 9:00 do 13:00 (po wcze\u015bniejszym zapisaniu si\u0119 w recepcji)<\/span><\/p>\n<\/li>\n<\/ul>\n<hr data-start=\"1054\" data-end=\"1057\">\n<h3 style=\"text-align: left;\" data-start=\"1059\" data-end=\"1083\"><span style=\"font-family: arial, helvetica, sans-serif;\">\ud83d\udcb0 <strong data-start=\"1066\" data-end=\"1083\">Cennik wst\u0119pu<\/strong><\/span><\/h3>\n<div class=\"_tableContainer_1rjym_1\">\n<div class=\"group _tableWrapper_1rjym_13 flex w-fit flex-col-reverse\" tabindex=\"-1\">\n<table class=\"w-fit min-w-(--thread-content-width)\" style=\"width: 41.1321%; height: 201px;\" data-start=\"1084\" data-end=\"1381\">\n<thead data-start=\"1084\" data-end=\"1108\">\n<tr data-start=\"1084\" data-end=\"1108\">\n<th style=\"text-align: center; width: 350.4px;\" data-start=\"1084\" data-end=\"1100\" data-col-size=\"md\"><span style=\"font-family: arial, helvetica, sans-serif;\">Rodzaj biletu<\/span><\/th>\n<th style=\"width: 72.95px;\" data-start=\"1100\" data-end=\"1108\" data-col-size=\"sm\"><span style=\"font-family: arial, helvetica, sans-serif;\">Cena<\/span><\/th>\n<\/tr>\n<\/thead>\n<tbody data-start=\"1135\" data-end=\"1381\">\n<tr data-start=\"1135\" data-end=\"1170\">\n<td style=\"width: 350.4px;\" data-start=\"1135\" data-end=\"1161\" data-col-size=\"md\"><span style=\"font-family: arial, helvetica, sans-serif;\">Bilet normalny (60 min)<\/span><\/td>\n<td style=\"text-align: center; width: 72.95px;\" data-start=\"1161\" data-end=\"1170\" data-col-size=\"sm\"><span style=\"font-family: arial, helvetica, sans-serif;\">10 z\u0142<\/span><\/td>\n<\/tr>\n<tr data-start=\"1171\" data-end=\"1233\">\n<td style=\"width: 350.4px;\" data-start=\"1171\" data-end=\"1225\" data-col-size=\"md\"><span style=\"font-family: arial, helvetica, sans-serif;\">Bilet ulgowy (dzieci, m\u0142odzie\u017c, studenci, seniorzy)<\/span><\/td>\n<td style=\"text-align: center; width: 72.95px;\" data-start=\"1225\" data-end=\"1233\" data-col-size=\"sm\"><span style=\"font-family: arial, helvetica, sans-serif;\">5 z\u0142<\/span><\/td>\n<\/tr>\n<tr data-start=\"1234\" data-end=\"1263\">\n<td style=\"width: 350.4px;\" data-start=\"1234\" data-end=\"1255\" data-col-size=\"md\"><span style=\"font-family: arial, helvetica, sans-serif;\">Wypo\u017cyczenie \u0142y\u017cew<\/span><\/td>\n<td style=\"text-align: center; width: 72.95px;\" data-start=\"1255\" data-end=\"1263\" data-col-size=\"sm\"><span style=\"font-family: arial, helvetica, sans-serif;\">10 z\u0142<\/span><\/td>\n<\/tr>\n<tr data-start=\"1264\" data-end=\"1291\">\n<td style=\"width: 350.4px;\" data-start=\"1264\" data-end=\"1282\" data-col-size=\"md\"><span style=\"font-family: arial, helvetica, sans-serif;\">Wypo\u017cyczenie kasku<\/span><\/td>\n<td style=\"text-align: center; width: 72.95px;\" data-start=\"1282\" data-end=\"1291\" data-col-size=\"sm\"><span style=\"font-family: arial, helvetica, sans-serif;\">bezp\u0142atnie<\/span><\/td>\n<\/tr>\n<tr data-start=\"1292\" data-end=\"1335\">\n<td style=\"width: 350.4px;\" data-start=\"1292\" data-end=\"1323\" data-col-size=\"md\"><span style=\"font-family: arial, helvetica, sans-serif;\">Wypo\u017cyczenie chodzika<\/span><\/td>\n<td style=\"text-align: center; width: 72.95px;\" data-start=\"1323\" data-end=\"1335\" data-col-size=\"sm\">bezp\u0142atnie<\/td>\n<\/tr>\n<tr data-start=\"1336\" data-end=\"1381\">\n<td style=\"text-align: center; width: 350.4px;\" data-start=\"1336\" data-end=\"1367\" data-col-size=\"md\"><span style=\"font-family: arial, helvetica, sans-serif;\">Opiekun grupy zorganizowanej<\/span><\/td>\n<td style=\"text-align: center; width: 72.95px;\" data-start=\"1367\" data-end=\"1381\" data-col-size=\"sm\"><span style=\"font-family: arial, helvetica, sans-serif;\">bezp\u0142atnie<\/span><\/td>\n<\/tr>\n<\/tbody>\n<\/table>\n<\/div>\n<\/div>\n","protected":false},"excerpt":{"rendered":"<p>Z ogromn\u0105 rado\u015bci\u0105 informujemy, \u017ce od 6 grudnia w O\u015brodku Sportu i Rekreacji w Dobrym Mie\u015bcie ruszy\u0142 sezon zimowych atrakcji! Serdecznie zapraszamy wszystkich mi\u0142o\u015bnik\u00f3w aktywnego wypoczynku na romantyczne, pi\u0119knie o\u015bwietlone nowoczesne lodowisko o wymiarach 20&nbsp; x 30 metr\u00f3w, kt\u00f3re znajdziecie przy ul. Garnizonowej 18. To doskona\u0142e miejsce do aktywnego wypoczynku [&hellip;]<\/p>\n","protected":false},"author":1,"featured_media":0,"parent":0,"menu_order":0,"comment_status":"closed","ping_status":"closed","template":"","meta":{"ngg_post_thumbnail":0,"footnotes":""},"class_list":["post-4959","page","type-page","status-publish","hentry"],"_links":{"self":[{"href":"https:\/\/www.osir.dobremiasto.com.pl\/index.php\/wp-json\/wp\/v2\/pages\/4959"}],"collection":[{"href":"https:\/\/www.osir.dobremiasto.com.pl\/index.php\/wp-json\/wp\/v2\/pages"}],"about":[{"href":"https:\/\/www.osir.dobremiasto.com.pl\/index.php\/wp-json\/wp\/v2\/types\/page"}],"author":[{"embeddable":true,"href":"https:\/\/www.osir.dobremiasto.com.pl\/index.php\/wp-json\/wp\/v2\/users\/1"}],"replies":[{"embeddable":true,"href":"https:\/\/www.osir.dobremiasto.com.pl\/index.php\/wp-json\/wp\/v2\/comments?post=4959"}],"version-history":[{"count":6,"href":"https:\/\/www.osir.dobremiasto.com.pl\/index.php\/wp-json\/wp\/v2\/pages\/4959\/revisions"}],"predecessor-version":[{"id":4997,"href":"https:\/\/www.osir.dobremiasto.com.pl\/index.php\/wp-json\/wp\/v2\/pages\/4959\/revisions\/4997"}],"wp:attachment":[{"href":"https:\/\/www.osir.dobremiasto.com.pl\/index.php\/wp-json\/wp\/v2\/media?parent=4959"}],"curies":[{"name":"wp","href":"https:\/\/api.w.org\/{rel}","templated":true}]}}