{"id":4974,"date":"2025-11-04T10:11:04","date_gmt":"2025-11-04T10:11:04","guid":{"rendered":"https:\/\/www.osir.dobremiasto.com.pl\/?page_id=4974"},"modified":"2025-11-04T10:11:04","modified_gmt":"2025-11-04T10:11:04","slug":"regulamin-lodowiska","status":"publish","type":"page","link":"https:\/\/www.osir.dobremiasto.com.pl\/index.php\/regulamin-lodowiska\/","title":{"rendered":"Regulamin lodowiska"},"content":{"rendered":"<p><span style=\"font-family: arial, helvetica, sans-serif;\"><strong>REGULAMIN LODOWISKA<\/strong><\/span><\/p>\n<p><span style=\"font-family: arial, helvetica, sans-serif;\">W\u0142a\u015bcicielem, administratorem i organizatorem lodowiska jest O\u015brodek Sportu i Rekreacji w Dobrym Mie\u015bcie, ul. Garnizonowa 18.<\/span><\/p>\n<p><span style=\"font-family: arial, helvetica, sans-serif;\"><strong>Postanowienia og\u00f3lne<\/strong><\/span><\/p>\n<ol>\n<li><span style=\"font-family: arial, helvetica, sans-serif;\">Lodowisko jest obiektem Gminy Dobrego Miasta administrowanym przez O\u015brodek Sportu i Rekreacji w Dobrym Mie\u015bcie, zwany dalej <strong>Organizatorem<\/strong>.<\/span><\/li>\n<li><span style=\"font-family: arial, helvetica, sans-serif;\">Korzystanie z lodowiska jest r\u00f3wnoznaczne z akceptacj\u0105 niniejszego Regulaminu.<\/span><\/li>\n<li><span style=\"font-family: arial, helvetica, sans-serif;\">Lodowisko jest czynne codziennie:<\/span>\n<ul>\n<li><span style=\"font-family: arial, helvetica, sans-serif;\">od poniedzia\u0142ku do pi\u0105tku w godz. <strong>14:00\u201320:00<\/strong>,<\/span><\/li>\n<li><span style=\"font-family: arial, helvetica, sans-serif;\">w soboty, niedziele, dni wolne od pracy i ferie \u2013 w godz. <strong>12:00\u201320:00<\/strong>,<\/span><br \/>\n<span style=\"font-family: arial, helvetica, sans-serif;\">przy czym godziny te mog\u0105 ulec zmianie w przypadku rezerwacji grupowych, imprez sportowych, konserwacji tafli lub warunk\u00f3w pogodowych.<\/span><\/li>\n<li><span style=\"font-family: arial, helvetica, sans-serif;\">od poniedzia\u0142ku do pi\u0105tku w godzinach <strong>9:00\u201313:00 <\/strong>dla szk\u00f3\u0142 oraz grup zorganizowanych (wcze\u015bniej um\u00f3wionych i wpisanych w grafik korzystania z lodowiska).<\/span><\/li>\n<\/ul>\n<\/li>\n<li><span style=\"font-family: arial, helvetica, sans-serif;\">Korzystanie z lodowiska odbywa si\u0119 w 60-minutowych turach.<\/span><\/li>\n<li><span style=\"font-family: arial, helvetica, sans-serif;\">Wst\u0119p na lodowisko jest p\u0142atny (cennik do wgl\u0105du w recepcji). Bilet nale\u017cy zachowa\u0107 do kontroli.<\/span><\/li>\n<li><span style=\"font-family: arial, helvetica, sans-serif;\">Dzieci do lat 10 mog\u0105 korzysta\u0107 z lodowiska wy\u0142\u0105cznie pod opiek\u0105 osoby doros\u0142ej b\u0119d\u0105cej na \u0142y\u017cwach, pod czynn\u0105 opiek\u0105 rodzic\u00f3w lub opiekun\u00f3w. Zaleca si\u0119, aby dzieci do lat 10 korzysta\u0142y z kask\u00f3w ochronnych i r\u0119kawiczek.<\/span><\/li>\n<li><span style=\"font-family: arial, helvetica, sans-serif;\">Na tafli lodowiska mo\u017ce przebywa\u0107 jednorazowo maksymalna liczba os\u00f3b okre\u015blona przez Organizatora, w przypadku nadmiernego nat\u0119\u017cenia ruchu na lodowisku Organizator mo\u017ce wprowadzi\u0107 odr\u0119bne przepisy zarz\u0105dzania ruchem uczestnik\u00f3w \u015blizgawki.<\/span><\/li>\n<li><span style=\"font-family: arial, helvetica, sans-serif;\">Na czas prac porz\u0105dkowych na p\u0142ycie lodowiska Organizator mo\u017ce wyprosi\u0107 wszystkich z obiektu.<\/span><\/li>\n<li><span style=\"font-family: arial, helvetica, sans-serif;\">Organizator zastrzega sobie prawo rezerwacji ca\u0142ego obiektu, bez uprzedniego podawania przyczyny.<\/span><\/li>\n<li><span style=\"font-family: arial, helvetica, sans-serif;\">Na p\u0142ycie lodowiska nale\u017cy zachowa\u0107 maksymaln\u0105 ostro\u017cno\u015b\u0107 podczas jazdy.<\/span><\/li>\n<li><span style=\"font-family: arial, helvetica, sans-serif;\">Osoby korzystaj\u0105ce z lodowiska czyni\u0105 to na w\u0142asn\u0105 odpowiedzialno\u015b\u0107 i ponosz\u0105 wszelkie ryzyko wynikaj\u0105ce z amatorskiego i zawodowego uprawiania \u0142y\u017cwiarstwa. Organizator lodowiska nie ponosi odpowiedzialno\u015bci z tytu\u0142u jakichkolwiek szk\u00f3d zdrowotnych, uraz\u00f3w cia\u0142a i materialnych wynikaj\u0105cych z tytu\u0142u korzystania z lodowiska, szczeg\u00f3lnie w niesprzyjaj\u0105cych warunkach atmosferycznych i temperaturach dodatnich. Zaleca si\u0119 posiadanie w\u0142asnej polisy ubezpieczeniowej.<\/span><\/li>\n<li><span style=\"font-family: arial, helvetica, sans-serif;\">Osoby \u0142ami\u0105ce zasady niniejszego regulaminu b\u0119d\u0105 wypraszane z lodowiska.<\/span><\/li>\n<\/ol>\n<p><span style=\"font-family: arial, helvetica, sans-serif;\"><strong>Zasady korzystania z lodowiska<\/strong><\/span><\/p>\n<ol>\n<li><span style=\"font-family: arial, helvetica, sans-serif;\">Osoby korzystaj\u0105ce z lodowiska zobowi\u0105zane s\u0105 do:<\/span>\n<ul>\n<li><span style=\"font-family: arial, helvetica, sans-serif;\">bezwzgl\u0119dnego stosowania si\u0119 do polece\u0144 obs\u0142ugi lodowiska,<\/span><\/li>\n<li><span style=\"font-family: arial, helvetica, sans-serif;\">zachowania kultury osobistej i ostro\u017cno\u015bci podczas jazdy,<\/span><\/li>\n<li><span style=\"font-family: arial, helvetica, sans-serif;\">jazdy tylko w wyznaczonym kierunku, zgodnie z decyzj\u0105 obs\u0142ugi,<\/span><\/li>\n<li><span style=\"font-family: arial, helvetica, sans-serif;\">opuszczenia tafli podczas przerw technicznych,<\/span><\/li>\n<li><span style=\"font-family: arial, helvetica, sans-serif;\">chodzenia w \u0142y\u017cwach wy\u0142\u0105cznie po wyk\u0142adzinach gumowych,<\/span><\/li>\n<li><span style=\"font-family: arial, helvetica, sans-serif;\">niezw\u0142ocznego zg\u0142aszania wszelkich usterek, zagro\u017ce\u0144 lub wypadk\u00f3w obs\u0142udze.<\/span><\/li>\n<\/ul>\n<\/li>\n<li><span style=\"font-family: arial, helvetica, sans-serif;\">Obs\u0142uga ma prawo odm\u00f3wi\u0107 wst\u0119pu lub usun\u0105\u0107 z lodowiska osoby:<\/span>\n<ul>\n<li><span style=\"font-family: arial, helvetica, sans-serif;\">nieprzestrzegaj\u0105ce niniejszego regulaminu,<\/span><\/li>\n<li><span style=\"font-family: arial, helvetica, sans-serif;\">zachowuj\u0105ce si\u0119 agresywnie lub stwarzaj\u0105ce zagro\u017cenie,<\/span><\/li>\n<li><span style=\"font-family: arial, helvetica, sans-serif;\">znajduj\u0105ce si\u0119 w stanie wskazuj\u0105cym na spo\u017cycie alkoholu lub \u015brodk\u00f3w odurzaj\u0105cych.<\/span><\/li>\n<\/ul>\n<\/li>\n<\/ol>\n<p><span style=\"font-family: arial, helvetica, sans-serif;\"><strong>Zakazy obowi\u0105zuj\u0105ce na lodowisku i w jego obr\u0119bie<\/strong><\/span><\/p>\n<p><span style=\"font-family: arial, helvetica, sans-serif;\">Na terenie lodowiska <strong>bezwzgl\u0119dnie zabrania si\u0119<\/strong>:<\/span><\/p>\n<ul>\n<li><span style=\"font-family: arial, helvetica, sans-serif;\">spo\u017cywania alkoholu, przebywania w stanie nietrze\u017awo\u015bci lub pod wp\u0142ywem \u015brodk\u00f3w odurzaj\u0105cych,<\/span><\/li>\n<li><span style=\"font-family: arial, helvetica, sans-serif;\">palenia tytoniu i u\u017cywania e-papieros\u00f3w,<\/span><\/li>\n<li><span style=\"font-family: arial, helvetica, sans-serif;\">u\u017cywania s\u0142\u00f3w wulgarnych, agresywnych i obra\u017aliwych,<\/span><\/li>\n<li><span style=\"font-family: arial, helvetica, sans-serif;\">wchodzenia na tafl\u0119 lodowiska w obuwiu (bez \u0142y\u017cew),<\/span><\/li>\n<li><span style=\"font-family: arial, helvetica, sans-serif;\">jazdy w kierunku przeciwnym do wyznaczonego przez obs\u0142ug\u0119,<\/span><\/li>\n<li><span style=\"font-family: arial, helvetica, sans-serif;\">wykonywania skok\u00f3w, gwa\u0142townego hamowania i niebezpiecznych manewr\u00f3w, wy\u015bcig\u00f3w, niebezpiecznych zabaw, potr\u0105cania i podcinania, trzymania si\u0119 za r\u0119ce podczas jazdy, wszelkich innych czynno\u015bci mog\u0105cych mie\u0107 wp\u0142yw na bezpiecze\u0144stwo innych uczestnik\u00f3w lodowiska,<\/span><\/li>\n<li><span style=\"font-family: arial, helvetica, sans-serif;\">jazdy z dzie\u0107mi na r\u0119kach,<\/span><\/li>\n<li><span style=\"font-family: arial, helvetica, sans-serif;\">siadania na bandach oraz wchodzenia i wychodzenia z lodowiska poza wyznaczonymi bramkami,<\/span><\/li>\n<li><span style=\"font-family: arial, helvetica, sans-serif;\">rzucania \u015bniegiem lub innymi przedmiotami,<\/span><\/li>\n<li><span style=\"font-family: arial, helvetica, sans-serif;\">u\u017cywania kij\u00f3w, kr\u0105\u017ck\u00f3w hokejowych, kij\u00f3w do unihokeja i innych przedmiot\u00f3w mog\u0105cych stanowi\u0107 zagro\u017cenie (poza zaj\u0119ciami zorganizowanymi za zgod\u0105 Organizatora),<\/span><\/li>\n<li><span style=\"font-family: arial, helvetica, sans-serif;\">jazdy na d\u0142ugich \u0142y\u017cwach (panczenach),<\/span><\/li>\n<li><span style=\"font-family: arial, helvetica, sans-serif;\">jazdy z plecakami,<\/span><\/li>\n<li><span style=\"font-family: arial, helvetica, sans-serif;\">rzucania \u015bnie\u017ckami,<\/span><\/li>\n<li><span style=\"font-family: arial, helvetica, sans-serif;\">wprowadzania zwierz\u0105t na teren lodowiska,<\/span><\/li>\n<li><span style=\"font-family: arial, helvetica, sans-serif;\">spo\u017cywania napoj\u00f3w i jedzenia na tafli lodowiska,<\/span><\/li>\n<li><span style=\"font-family: arial, helvetica, sans-serif;\">niszczenia urz\u0105dze\u0144, sprz\u0119tu i wyposa\u017cenia lodowiska, uderzania \u0142y\u017cwami w l\u00f3d w jednym miejscu w celu rozkruszenia lodu,<\/span><\/li>\n<li><span style=\"font-family: arial, helvetica, sans-serif;\">chodzenia w \u0142y\u017cwach poza wyk\u0142adzinami ochronnymi.<\/span><\/li>\n<\/ul>\n<p><span style=\"font-family: arial, helvetica, sans-serif;\"><strong>Bezpiecze\u0144stwo i odpowiedzialno\u015b\u0107<\/strong><\/span><\/p>\n<ol>\n<li><span style=\"font-family: arial, helvetica, sans-serif;\">Na lodowisku nie zapewnia si\u0119 sta\u0142ej opieki medycznej.<\/span><\/li>\n<li><span style=\"font-family: arial, helvetica, sans-serif;\">Apteczka pierwszej pomocy znajduje si\u0119 w kasie lub u obs\u0142ugi lodowiska.<\/span><\/li>\n<li><span style=\"font-family: arial, helvetica, sans-serif;\">W razie potrzeby udzielenia pomocy nale\u017cy niezw\u0142ocznie powiadomi\u0107 pracownika obs\u0142ugi.<\/span><\/li>\n<li><span style=\"font-family: arial, helvetica, sans-serif;\">Za bezpiecze\u0144stwo klas szkolnych\/grup zorganizowanych i wszelkie zniszczenia na terenie obiektu odpowiada opiekun,<\/span><\/li>\n<li><span style=\"font-family: arial, helvetica, sans-serif;\">Organizator nie ponosi odpowiedzialno\u015bci za:<\/span>\n<ul>\n<li><span style=\"font-family: arial, helvetica, sans-serif;\">wypadki i obra\u017cenia powsta\u0142e wskutek nieprzestrzegania regulaminu,<\/span><\/li>\n<li><span style=\"font-family: arial, helvetica, sans-serif;\">utrat\u0119 lub uszkodzenie rzeczy osobistych pozostawionych na terenie obiektu,<\/span><\/li>\n<li><span style=\"font-family: arial, helvetica, sans-serif;\">skutki zachowa\u0144 os\u00f3b trzecich korzystaj\u0105cych z lodowiska.<\/span><\/li>\n<\/ul>\n<\/li>\n<\/ol>\n<p><span style=\"font-family: arial, helvetica, sans-serif;\"><strong>Postanowienia ko\u0144cowe<\/strong><\/span><\/p>\n<ol>\n<li><span style=\"font-family: arial, helvetica, sans-serif;\">Osoby \u0142ami\u0105ce regulamin mog\u0105 zosta\u0107 usuni\u0119te z lodowiska bez zwrotu koszt\u00f3w biletu.<\/span><\/li>\n<li><span style=\"font-family: arial, helvetica, sans-serif;\">Organizator zastrzega sobie prawo do zmian niniejszego regulaminu.<\/span><\/li>\n<li><span style=\"font-family: arial, helvetica, sans-serif;\">W przypadku wyst\u0105pienia nieprzewidzianych okoliczno\u015bci (np. awarii technicznych, z\u0142ych warunk\u00f3w atmosferycznych) lodowisko mo\u017ce by\u0107 czasowo zamkni\u0119te.<\/span><\/li>\n<li><span style=\"font-family: arial, helvetica, sans-serif;\">Regulamin dost\u0119pny jest w kasie i przy wej\u015bciu na lodowisko.<\/span><\/li>\n<\/ol>\n<p>&nbsp;<\/p>\n","protected":false},"excerpt":{"rendered":"<p>REGULAMIN LODOWISKA W\u0142a\u015bcicielem, administratorem i organizatorem lodowiska jest O\u015brodek Sportu i Rekreacji w Dobrym Mie\u015bcie, ul. Garnizonowa 18. Postanowienia og\u00f3lne Lodowisko jest obiektem Gminy Dobrego Miasta administrowanym przez O\u015brodek Sportu i Rekreacji w Dobrym Mie\u015bcie, zwany dalej Organizatorem. Korzystanie z lodowiska jest r\u00f3wnoznaczne z akceptacj\u0105 niniejszego Regulaminu. Lodowisko jest czynne [&hellip;]<\/p>\n","protected":false},"author":1,"featured_media":0,"parent":0,"menu_order":0,"comment_status":"closed","ping_status":"closed","template":"","meta":{"ngg_post_thumbnail":0,"footnotes":""},"class_list":["post-4974","page","type-page","status-publish","hentry"],"_links":{"self":[{"href":"https:\/\/www.osir.dobremiasto.com.pl\/index.php\/wp-json\/wp\/v2\/pages\/4974"}],"collection":[{"href":"https:\/\/www.osir.dobremiasto.com.pl\/index.php\/wp-json\/wp\/v2\/pages"}],"about":[{"href":"https:\/\/www.osir.dobremiasto.com.pl\/index.php\/wp-json\/wp\/v2\/types\/page"}],"author":[{"embeddable":true,"href":"https:\/\/www.osir.dobremiasto.com.pl\/index.php\/wp-json\/wp\/v2\/users\/1"}],"replies":[{"embeddable":true,"href":"https:\/\/www.osir.dobremiasto.com.pl\/index.php\/wp-json\/wp\/v2\/comments?post=4974"}],"version-history":[{"count":1,"href":"https:\/\/www.osir.dobremiasto.com.pl\/index.php\/wp-json\/wp\/v2\/pages\/4974\/revisions"}],"predecessor-version":[{"id":4975,"href":"https:\/\/www.osir.dobremiasto.com.pl\/index.php\/wp-json\/wp\/v2\/pages\/4974\/revisions\/4975"}],"wp:attachment":[{"href":"https:\/\/www.osir.dobremiasto.com.pl\/index.php\/wp-json\/wp\/v2\/media?parent=4974"}],"curies":[{"name":"wp","href":"https:\/\/api.w.org\/{rel}","templated":true}]}}